{"id":3927,"date":"2014-06-26T20:23:46","date_gmt":"2014-06-26T20:23:46","guid":{"rendered":"http:\/\/gibbriver.com\/?page_id=3927"},"modified":"2014-07-17T17:11:10","modified_gmt":"2014-07-17T17:11:10","slug":"unsere-philosophie","status":"publish","type":"page","link":"https:\/\/gibbriver.com\/de\/unsere-philosophie\/","title":{"rendered":"Unsere Philosophie"},"content":{"rendered":"<section class=\"wpb-content-wrapper\"><p>[vc_row][vc_column width=&#8220;2\/3&#8243;]<div class=\"landing-title left wpb_content_element\"><h3 class=\"landing-title-tag\" style=\"font-size:22px;\">Unsere Philosophie<\/h3>[vc_text_separator style=\"\" color=\"grey\" accent_color=\"#dddddd\" el_width=\"fixed\" el_class=\"\"]<\/div>[vc_column_text]The Gibb River Group ist eine auf ihrem Gebiet f\u00fchrende internationale Beratungsfirma. F\u00fcr unsere Kunden arbeiten wir an den wichtigsten Themen, die die <strong>Profitabilit\u00e4t und den Wert eines Unternehmens<\/strong> <strong>steigern<\/strong>. Unser gesamtes Team hat vorher viele Jahre bei globalen Top-Beratungsfirmen gearbeitet, und unsere Partner sind alle McKinsey &amp; Company-Alumni.<\/p>\n<p>Der <strong>Fokus<\/strong> unserer Firma liegt auf Projekten der <strong>Kostensenkung, globaler Markterschlie\u00dfungsstrategien und anderer strategischer Themen<\/strong>. Unsere Kunden sind meist <strong>Mittelst\u00e4ndler oder Gro\u00dfunternehmen, aber auch Private-Equity-Firmen<\/strong> und deren Portfoliounternehmen. Diese Art von Projekten f\u00fchren wir in jeder Branche durch, wobei in der Vergangenheit der Schwerpunkt in der Luftfahrt-, Gesundheits- und der Reisebranche, sowie generell in der Industrie (wei\u00dfe Ware, Elektronik) und im Dienstleistungssektor lag. Wir agieren <strong>weltweit<\/strong>. Gelegentlich helfen wir unseren Kunden aus der PE-Branche auch bei der Suche nach geeigneten Akquisitionskandidaten, wobei wir die jeweiligen Suchkriterien vorher genau abstimmen.<\/p>\n<p>Wir werden immer dann gerufen, wenn <strong>Umsetzung<\/strong> gefragt ist und nicht nur eine bunte Pr\u00e4sentation. Was wir auch immer mit unseren Kunden anpacken\u00a0\u00a0\u2013 <strong>unsere vorgeschlagenen L\u00f6sungen sind immer sehr praktisch<\/strong>, und wir sind auch bereit, falls gew\u00fcnscht, unsere Empfehlungen mit unseren Kunden zusammen umzusetzen und sie nicht mit der Implementierung von Strategien alleine zu lassen. Wir sehen unsere Arbeit erst dann als getan an, wenn Einsparungen realisiert, Abl\u00e4ufe vereinfacht oder Markteintrittsstrategien komplett abgestimmt sind. Jedes Projekt, das uns unsere Kunden anvertrauen, gehen wir so an, als ob wir selbst der Unternehmer \/ die Unternehmerin, Aktion\u00e4re oder Teil der Unternehmensleitung w\u00e4ren.<\/p>\n<p>Wenn unsere <strong>Kunden<\/strong> uns f\u00fcr ein gemeinsames Projekt engagieren, dann <strong>t\u00e4tigen<\/strong> sie in unseren Augen <strong>eine Investition<\/strong>. Dies ist uns <strong>Ansporn sicherzustellen, dass diese Investition dauerhaft Fr\u00fcchte tr\u00e4gt<\/strong>.\u00a0\u00a0Daher ist es uns bei Kostensenkungsprojekten besonders wichtig, <strong>unser Wissen<\/strong> im Rahmen von formellen Trainingseinheiten und unseren Ansatz durch gemeinsame Projektarbeit <strong>an unsere Kunden weiterzugeben<\/strong>.<\/p>\n<p>Unsere Philosophie findet bei unseren Kunden gro\u00dfe Resonanz: <strong>fast ausnahmslos alle Kunden haben mit uns bisher mehr als einmal zusammengearbeitet<\/strong>, mit einigen verbindet uns schon seit Jahren ein enges Vertrauensverh\u00e4ltnis.<\/p>\n<p>Lesen Sie mehr \u00fcber unseren <strong><span style=\"color: #464646;\"><a title=\"Unser Ansatz\" href=\"http:\/\/gibbriver.com\/de\/unser-ansatz\/\"><span style=\"color: #464646;\">Ansatz<\/span><\/a><\/span><\/strong>, unsere <strong><span style=\"color: #464646;\"><a title=\"Unsere Resultate\" href=\"http:\/\/gibbriver.com\/de\/unsere-resultate\/\"><span style=\"color: #464646;\">Resultate<\/span><\/a><\/span><\/strong> und <strong><span style=\"color: #464646;\"><a title=\"Was unseren Kunden gef\u00e4llt\" href=\"http:\/\/gibbriver.com\/de\/was-unseren-kunden-gefallt\/\"><span style=\"color: #464646;\">was unseren Kunden gef\u00e4llt<\/span><\/a><\/span><\/strong>.[\/vc_column_text][\/vc_column][vc_column width=&#8220;1\/3&#8243;][layerslider_vc id=&#8220;28&#8243;][\/vc_column][\/vc_row]<\/p>\n<\/section>","protected":false},"excerpt":{"rendered":"<p>[vc_row][vc_column width=&#8220;2\/3&#8243;][vc_column_text]The Gibb River Group ist eine auf ihrem Gebiet f\u00fchrende internationale Beratungsfirma. F\u00fcr unsere Kunden arbeiten wir an den wichtigsten Themen, die die Profitabilit\u00e4t und den Wert eines Unternehmens steigern. Unser gesamtes Team hat vorher viele Jahre bei globalen Top-Beratungsfirmen gearbeitet, und unsere Partner sind alle McKinsey &amp; Company-Alumni. Der Fokus unserer Firma liegt auf Projekten der Kostensenkung, globaler Markterschlie\u00dfungsstrategien und anderer strategischer Themen. Unsere Kunden sind meist Mittelst\u00e4ndler oder Gro\u00dfunternehmen, aber auch Private-Equity-Firmen und deren Portfoliounternehmen. Diese Art von Projekten f\u00fchren wir in jeder Branche durch, wobei in der Vergangenheit der Schwerpunkt in der Luftfahrt-, Gesundheits- und der [&hellip;]<\/p>\n","protected":false},"author":1,"featured_media":0,"parent":0,"menu_order":0,"comment_status":"open","ping_status":"open","template":"","meta":[],"_links":{"self":[{"href":"https:\/\/gibbriver.com\/de\/wp-json\/wp\/v2\/pages\/3927"}],"collection":[{"href":"https:\/\/gibbriver.com\/de\/wp-json\/wp\/v2\/pages"}],"about":[{"href":"https:\/\/gibbriver.com\/de\/wp-json\/wp\/v2\/types\/page"}],"author":[{"embeddable":true,"href":"https:\/\/gibbriver.com\/de\/wp-json\/wp\/v2\/users\/1"}],"replies":[{"embeddable":true,"href":"https:\/\/gibbriver.com\/de\/wp-json\/wp\/v2\/comments?post=3927"}],"version-history":[{"count":13,"href":"https:\/\/gibbriver.com\/de\/wp-json\/wp\/v2\/pages\/3927\/revisions"}],"predecessor-version":[{"id":4425,"href":"https:\/\/gibbriver.com\/de\/wp-json\/wp\/v2\/pages\/3927\/revisions\/4425"}],"wp:attachment":[{"href":"https:\/\/gibbriver.com\/de\/wp-json\/wp\/v2\/media?parent=3927"}],"curies":[{"name":"wp","href":"https:\/\/api.w.org\/{rel}","templated":true}]}}