{"id":3930,"date":"2014-06-26T20:34:25","date_gmt":"2014-06-26T20:34:25","guid":{"rendered":"http:\/\/gibbriver.com\/?page_id=3930"},"modified":"2014-07-17T17:11:45","modified_gmt":"2014-07-17T17:11:45","slug":"unser-ansatz","status":"publish","type":"page","link":"https:\/\/gibbriver.com\/de\/unser-ansatz\/","title":{"rendered":"Unser Ansatz"},"content":{"rendered":"<section class=\"wpb-content-wrapper\"><p>[vc_row][vc_column width=&#8220;2\/3&#8243;]<div class=\"landing-title left wpb_content_element\"><h3 class=\"landing-title-tag\" style=\"font-size:22px;\">Unser Ansatz<\/h3>[vc_text_separator style=\"\" color=\"grey\" accent_color=\"#dddddd\" el_width=\"fixed\" el_class=\"\"]<\/div>[vc_column_text]Unsere Kunden kommen immer wieder zu uns, weil es Freude macht, mit uns zu arbeiten, wir sehr <strong>bodenst\u00e4ndig<\/strong> agieren und <strong>unsere Partner an jedem Projekt aktiv und substanziell mitarbeiten<\/strong>. Diesen pers\u00f6nlichen Einsatz, der f\u00fcr unser legend\u00e4r hohes Qualit\u00e4tsniveau unabdingbar ist, sch\u00e4tzen unsere Kunden sehr.<\/p>\n<p>Wir<\/p>\n<ul>\n<li><strong>Passen unseren Ansatz<\/strong> fuer jedes Projekt <strong>den jeweiligen Gegebenheiten und Zielen unseres Kunden an<\/strong>. Komplett standardisierte Ans\u00e4tze und Projektpl\u00e4ne funktionieren in der Praxis nur selten.<\/li>\n<li>Stellen f\u00fcr jedes Projekt das passende Team zusammen. Bei Kostensenkungsprojekten kommen nur die Mitglieder unseres Teams zum Einsatz, die <strong>jahrelange Erfahrung in der Umsetzung<\/strong> von Kostensenkungsinitiativen haben.<\/li>\n<li>Erg\u00e4nzen unser Kernteam durch <strong>Experten aus unserem umfangreichen, globalen Netzwerk<\/strong>, wann immer n\u00f6tig.<\/li>\n<li>Legen Wert darauf, dass unser Kunde den Erfolg unserer Arbeit sehen und messen kann. Ein Projekt ist erst dann zu Ende, wenn die <strong>Einsparungen realisiert<\/strong> sind.<\/li>\n<li><strong>F\u00fchlen uns<\/strong> f\u00fcr den Erfolg unserer Projekte <strong>verantwortlich<\/strong>, sowohl f\u00fcr die Einhaltung des Projektplans als auch die Qualit\u00e4t der Arbeit. Dies sollte eigentlich eine Selbstverst\u00e4ndlichkeit sein.<\/li>\n<li>Legen Wert auf eine <strong>konstruktive, von gegenseitigem Respekt gepr\u00e4gte Zusammenarbeit<\/strong> mit unseren Kunden. Wir verstehen uns immer als Teil eines Teams, das an einem Strang zieht und auf ein <strong>gemeinsames Ziel<\/strong> hinarbeitet \u2013 nicht als ewige Besserwisser.<\/li>\n<\/ul>\n<p>Lesen Sie mehr \u00fcber unsere <a title=\"Unsere Philosophie\" href=\"http:\/\/gibbriver.com\/de\/unsere-philosophie\/\"><strong><span style=\"color: #464646;\">Philosophie<\/span><\/strong><\/a>, unsere <strong><span style=\"color: #464646;\"><a href=\"http:\/\/gibbriver.com\/de\/unsere-resultate\/\">Resultate<\/a><\/span><\/strong> und <a title=\"Was unseren Kunden gef\u00e4llt\" href=\"http:\/\/gibbriver.com\/de\/was-unseren-kunden-gefallt\/\"><strong><span style=\"color: #464646;\">was unseren Kunden gef\u00e4llt<\/span><\/strong><\/a>.[\/vc_column_text][\/vc_column][vc_column width=&#8220;1\/3&#8243;][layerslider_vc id=&#8220;28&#8243;][\/vc_column][\/vc_row]<\/p>\n<\/section>","protected":false},"excerpt":{"rendered":"<p>[vc_row][vc_column width=&#8220;2\/3&#8243;][vc_column_text]Unsere Kunden kommen immer wieder zu uns, weil es Freude macht, mit uns zu arbeiten, wir sehr bodenst\u00e4ndig agieren und unsere Partner an jedem Projekt aktiv und substanziell mitarbeiten. Diesen pers\u00f6nlichen Einsatz, der f\u00fcr unser legend\u00e4r hohes Qualit\u00e4tsniveau unabdingbar ist, sch\u00e4tzen unsere Kunden sehr. Wir Passen unseren Ansatz fuer jedes Projekt den jeweiligen Gegebenheiten und Zielen unseres Kunden an. Komplett standardisierte Ans\u00e4tze und Projektpl\u00e4ne funktionieren in der Praxis nur selten. Stellen f\u00fcr jedes Projekt das passende Team zusammen. Bei Kostensenkungsprojekten kommen nur die Mitglieder unseres Teams zum Einsatz, die jahrelange Erfahrung in der Umsetzung von Kostensenkungsinitiativen haben. Erg\u00e4nzen unser [&hellip;]<\/p>\n","protected":false},"author":1,"featured_media":0,"parent":0,"menu_order":0,"comment_status":"open","ping_status":"open","template":"","meta":[],"_links":{"self":[{"href":"https:\/\/gibbriver.com\/de\/wp-json\/wp\/v2\/pages\/3930"}],"collection":[{"href":"https:\/\/gibbriver.com\/de\/wp-json\/wp\/v2\/pages"}],"about":[{"href":"https:\/\/gibbriver.com\/de\/wp-json\/wp\/v2\/types\/page"}],"author":[{"embeddable":true,"href":"https:\/\/gibbriver.com\/de\/wp-json\/wp\/v2\/users\/1"}],"replies":[{"embeddable":true,"href":"https:\/\/gibbriver.com\/de\/wp-json\/wp\/v2\/comments?post=3930"}],"version-history":[{"count":10,"href":"https:\/\/gibbriver.com\/de\/wp-json\/wp\/v2\/pages\/3930\/revisions"}],"predecessor-version":[{"id":4429,"href":"https:\/\/gibbriver.com\/de\/wp-json\/wp\/v2\/pages\/3930\/revisions\/4429"}],"wp:attachment":[{"href":"https:\/\/gibbriver.com\/de\/wp-json\/wp\/v2\/media?parent=3930"}],"curies":[{"name":"wp","href":"https:\/\/api.w.org\/{rel}","templated":true}]}}