{"id":3932,"date":"2014-06-26T20:47:36","date_gmt":"2014-06-26T20:47:36","guid":{"rendered":"http:\/\/gibbriver.com\/?page_id=3932"},"modified":"2014-07-17T17:12:18","modified_gmt":"2014-07-17T17:12:18","slug":"unsere-resultate","status":"publish","type":"page","link":"https:\/\/gibbriver.com\/de\/unsere-resultate\/","title":{"rendered":"Unsere Resultate"},"content":{"rendered":"<section class=\"wpb-content-wrapper\"><p>[vc_row][vc_column width=&#8220;2\/3&#8243;]<div class=\"landing-title left wpb_content_element\"><h3 class=\"landing-title-tag\" style=\"font-size:22px;\">Unsere Resultate<\/h3>[vc_text_separator style=\"\" color=\"grey\" accent_color=\"#dddddd\" el_width=\"fixed\" el_class=\"\"]<\/div>[vc_column_text]F\u00fcr uns stehen <strong>Erfolg und Zufriedenheit unserer Kunden <\/strong>an erster Stelle. Unsere Kunden arbeiten immer dann mit uns zusammen, wenn sie sicherstellen m\u00f6chten, dass ein Projekt auch erfolgreich umgesetzt wird und die volle, pers\u00f6nliche Aufmerksamkeit ihrer Berater genie\u00dft.<\/p>\n<p>Bei Kostensenkungsprojekten, bei denen sich die konkret erzielten Einsparungen sehr direkt messen lassen, erzielen wir typischerweise Einsparungen in den folgenden Gr\u00f6\u00dfenordnungen:<\/p>\n<ul>\n<li>Prozesseffizienz: +5-30%<\/li>\n<li>Overheadkosten: Reduzierung um 10-20%+<\/li>\n<li>Einkauf \/ Breakthrough Cost Reduction (BCR): Einsparungen von 10-30%+, z.B.:<\/li>\n<\/ul>\n<p><img decoding=\"async\" loading=\"lazy\" class=\"aligncenter size-full wp-image-3933\" src=\"http:\/\/gibbriver.com\/wp-content\/uploads\/2014\/06\/german-chart.png\" alt=\"german-chart\" width=\"396\" height=\"267\" srcset=\"https:\/\/gibbriver.com\/wp-content\/uploads\/2014\/06\/german-chart.png 396w, https:\/\/gibbriver.com\/wp-content\/uploads\/2014\/06\/german-chart-300x202.png 300w\" sizes=\"(max-width: 396px) 100vw, 396px\" \/><\/p>\n<p>Lesen Sie mehr \u00fcber unsere\u00a0<strong><span style=\"color: #464646;\"><a title=\"Unsere Philosophie\" href=\"http:\/\/gibbriver.com\/de\/unsere-philosophie\/\"><span style=\"color: #464646;\">Philosophie<\/span><\/a><\/span><\/strong>, unseren <strong><span style=\"color: #464646;\"><a title=\"Unser Ansatz\" href=\"http:\/\/gibbriver.com\/de\/unser-ansatz\/\"><span style=\"color: #464646;\">Ansatz<\/span><\/a><\/span>\u00a0<\/strong>und <strong><span style=\"color: #464646;\"><a title=\"Was unseren Kunden gef\u00e4llt\" href=\"http:\/\/gibbriver.com\/de\/was-unseren-kunden-gefallt\/\"><span style=\"color: #464646;\">was unseren Kunden gef\u00e4llt<\/span><\/a><\/span>.<\/strong>[\/vc_column_text][\/vc_column][vc_column width=&#8220;1\/3&#8243;][layerslider_vc id=&#8220;28&#8243;][\/vc_column][\/vc_row]<\/p>\n<\/section>","protected":false},"excerpt":{"rendered":"<p>[vc_row][vc_column width=&#8220;2\/3&#8243;][vc_column_text]F\u00fcr uns stehen Erfolg und Zufriedenheit unserer Kunden an erster Stelle. Unsere Kunden arbeiten immer dann mit uns zusammen, wenn sie sicherstellen m\u00f6chten, dass ein Projekt auch erfolgreich umgesetzt wird und die volle, pers\u00f6nliche Aufmerksamkeit ihrer Berater genie\u00dft. Bei Kostensenkungsprojekten, bei denen sich die konkret erzielten Einsparungen sehr direkt messen lassen, erzielen wir typischerweise Einsparungen in den folgenden Gr\u00f6\u00dfenordnungen: Prozesseffizienz: +5-30% Overheadkosten: Reduzierung um 10-20%+ Einkauf \/ Breakthrough Cost Reduction (BCR): Einsparungen von 10-30%+, z.B.: Lesen Sie mehr \u00fcber unsere\u00a0Philosophie, unseren Ansatz\u00a0und was unseren Kunden gef\u00e4llt.[\/vc_column_text][\/vc_column][vc_column width=&#8220;1\/3&#8243;][layerslider_vc id=&#8220;28&#8243;][\/vc_column][\/vc_row]<\/p>\n","protected":false},"author":1,"featured_media":0,"parent":0,"menu_order":0,"comment_status":"open","ping_status":"open","template":"","meta":[],"_links":{"self":[{"href":"https:\/\/gibbriver.com\/de\/wp-json\/wp\/v2\/pages\/3932"}],"collection":[{"href":"https:\/\/gibbriver.com\/de\/wp-json\/wp\/v2\/pages"}],"about":[{"href":"https:\/\/gibbriver.com\/de\/wp-json\/wp\/v2\/types\/page"}],"author":[{"embeddable":true,"href":"https:\/\/gibbriver.com\/de\/wp-json\/wp\/v2\/users\/1"}],"replies":[{"embeddable":true,"href":"https:\/\/gibbriver.com\/de\/wp-json\/wp\/v2\/comments?post=3932"}],"version-history":[{"count":14,"href":"https:\/\/gibbriver.com\/de\/wp-json\/wp\/v2\/pages\/3932\/revisions"}],"predecessor-version":[{"id":4427,"href":"https:\/\/gibbriver.com\/de\/wp-json\/wp\/v2\/pages\/3932\/revisions\/4427"}],"wp:attachment":[{"href":"https:\/\/gibbriver.com\/de\/wp-json\/wp\/v2\/media?parent=3932"}],"curies":[{"name":"wp","href":"https:\/\/api.w.org\/{rel}","templated":true}]}}