{"id":3936,"date":"2014-06-26T20:52:48","date_gmt":"2014-06-26T20:52:48","guid":{"rendered":"http:\/\/gibbriver.com\/?page_id=3936"},"modified":"2014-07-17T17:14:58","modified_gmt":"2014-07-17T17:14:58","slug":"was-unseren-kunden-gefallt","status":"publish","type":"page","link":"https:\/\/gibbriver.com\/de\/was-unseren-kunden-gefallt\/","title":{"rendered":"Was unseren Kunden gef\u00e4llt"},"content":{"rendered":"<section class=\"wpb-content-wrapper\"><p>[vc_row][vc_column width=&#8220;2\/3&#8243;]<div class=\"landing-title left wpb_content_element\"><h3 class=\"landing-title-tag\" style=\"font-size:22px;\">Was unseren Kunden gef\u00e4llt<\/h3>[vc_text_separator style=\"\" color=\"grey\" accent_color=\"#dddddd\" el_width=\"fixed\" el_class=\"\"]<\/div>[vc_column_text]<\/p>\n<ul>\n<li>Die Gibb River Group-<strong>Partner arbeiten an jedem Projekt aktiv und intensiv mit<\/strong> und f\u00fchlen sich pers\u00f6nlich f\u00fcr den Projekterfolg verantwortlich.<\/li>\n<li>Unsere Berater haben alle <strong>jahrelange Erfahrung<\/strong> auf ihrem Gebiet und sehen den Erfolg und die Zufriedenheit des Kunden als die Messlatte unseres Erfolges an.<\/li>\n<li>Bei Kostensenkungsprojekten:\n<ul>\n<li>Erzielen wir <strong>au\u00dfergew\u00f6hnlich gro\u00dfe Einsparungen<\/strong>, die sich direkt in Gewinn und Firmenwert niederschlagen.<\/li>\n<li>Legen wir gro\u00dfen Wert auf die <strong>Umsetzbarkeit<\/strong> unserer Strategien. Wir ziehen jederzeit die 100%ige Implementierung einer L\u00f6sung vor, welche nur 80% des vorhandenen Potentials aussch\u00f6pft, anstatt eine theoretisch vielversprechendere L\u00f6sung zu entwickeln, die sich nur schwer in der Praxis umsetzen l\u00e4sst.<\/li>\n<li>Ist es uns wichtig, dass Initiativen auch <strong>umgesetzt werden<\/strong>. Unsere\u00a0Kostenstruktur erm\u00f6glicht es dem Kunden, mit uns auch in der\u00a0Implementierungsphase zusammenzuarbeiten.<\/li>\n<\/ul>\n<\/li>\n<li>Unsere Kunden wissen, dass sie mit uns in einem <strong>konstruktiven, pragmatischen und betont positiven Klima<\/strong> zusammenarbeiten k\u00f6nnen. Wir sehen uns immer als Teil eines Teams an, das an einem Strang zieht und auf ein <strong>gemeinsames Ziel<\/strong> hinarbeitet.<\/li>\n<li>Unsere Projektkosten liegen bei weniger als der H\u00e4lfte derer der gro\u00dfen internationalen Beratungsfirmen.<\/li>\n<\/ul>\n<p>Sehen Sie sich <strong><span style=\"color: #464646;\"><a title=\"Projekte\" href=\"http:\/\/gibbriver.com\/de\/projekte\/\"><span style=\"color: #464646;\">hier<\/span><\/a><\/span><\/strong>\u00a0eine Auswahl unserer Kundenprojekte an.[\/vc_column_text][\/vc_column][vc_column width=&#8220;1\/3&#8243;][layerslider_vc id=&#8220;28&#8243;][\/vc_column][\/vc_row]<\/p>\n<\/section>","protected":false},"excerpt":{"rendered":"<p>[vc_row][vc_column width=&#8220;2\/3&#8243;][vc_column_text] Die Gibb River Group-Partner arbeiten an jedem Projekt aktiv und intensiv mit und f\u00fchlen sich pers\u00f6nlich f\u00fcr den Projekterfolg verantwortlich. Unsere Berater haben alle jahrelange Erfahrung auf ihrem Gebiet und sehen den Erfolg und die Zufriedenheit des Kunden als die Messlatte unseres Erfolges an. Bei Kostensenkungsprojekten: Erzielen wir au\u00dfergew\u00f6hnlich gro\u00dfe Einsparungen, die sich direkt in Gewinn und Firmenwert niederschlagen. Legen wir gro\u00dfen Wert auf die Umsetzbarkeit unserer Strategien. Wir ziehen jederzeit die 100%ige Implementierung einer L\u00f6sung vor, welche nur 80% des vorhandenen Potentials aussch\u00f6pft, anstatt eine theoretisch vielversprechendere L\u00f6sung zu entwickeln, die sich nur schwer in der Praxis [&hellip;]<\/p>\n","protected":false},"author":1,"featured_media":0,"parent":0,"menu_order":0,"comment_status":"open","ping_status":"open","template":"","meta":[],"_links":{"self":[{"href":"https:\/\/gibbriver.com\/de\/wp-json\/wp\/v2\/pages\/3936"}],"collection":[{"href":"https:\/\/gibbriver.com\/de\/wp-json\/wp\/v2\/pages"}],"about":[{"href":"https:\/\/gibbriver.com\/de\/wp-json\/wp\/v2\/types\/page"}],"author":[{"embeddable":true,"href":"https:\/\/gibbriver.com\/de\/wp-json\/wp\/v2\/users\/1"}],"replies":[{"embeddable":true,"href":"https:\/\/gibbriver.com\/de\/wp-json\/wp\/v2\/comments?post=3936"}],"version-history":[{"count":7,"href":"https:\/\/gibbriver.com\/de\/wp-json\/wp\/v2\/pages\/3936\/revisions"}],"predecessor-version":[{"id":4391,"href":"https:\/\/gibbriver.com\/de\/wp-json\/wp\/v2\/pages\/3936\/revisions\/4391"}],"wp:attachment":[{"href":"https:\/\/gibbriver.com\/de\/wp-json\/wp\/v2\/media?parent=3936"}],"curies":[{"name":"wp","href":"https:\/\/api.w.org\/{rel}","templated":true}]}}