{"id":3938,"date":"2014-06-26T20:58:37","date_gmt":"2014-06-26T20:58:37","guid":{"rendered":"http:\/\/gibbriver.com\/?page_id=3938"},"modified":"2018-06-25T21:27:27","modified_gmt":"2018-06-25T21:27:27","slug":"unser-fokus","status":"publish","type":"page","link":"https:\/\/gibbriver.com\/de\/unser-fokus\/","title":{"rendered":"Unser Fokus"},"content":{"rendered":"<section class=\"wpb-content-wrapper\"><p>[vc_row][vc_column width=&#8220;1\/1&#8243;]<div class=\"space\" style=\"height:50px;\"><\/div>[vc_column_text]Unser Fokus auf <strong>Kostensenkung, die Verbesserung des Kundenerlebnisses, globale Markterschlie\u00dfungsstrategien und andere strategische Themen<\/strong> erlaubt es uns, f\u00fcr Kunden in verschiedenen Branchen zu arbeiten. Zu unserem Kundenkreis k\u00f6nnen wir Gro\u00dfunternehmen, Mittelst\u00e4ndler sowie Startups z\u00e4hlen, wobei die meisten unserer Kunden umsatzm\u00e4\u00dfig bei EUR 150 Millionen bis ca. EUR 4 Mrd. liegen.<\/p>\n<p>Private-Equity-Firmen beauftragen uns regelm\u00e4\u00dfig, passende Akquisitionskandidaten f\u00fcr sie zu identifizieren oder zusammen mit den Managementteams der Portfoliounternehmen deren Kostenstruktur, Kundenerlebnis und Profitabilit\u00e4t signifikant zu verbessern. Au\u00dferdem denken wir mit unseren Kunden strategische Fragestellungen durch, z.B. Wettbewerbsstrategien und internationale Markterschlie\u00dfung, wobei wir die f\u00fcr faktenbasierte Entscheidungen n\u00f6tigen Daten und Perspektiven beschaffen und analytisch aufbereiten.[\/vc_column_text][\/vc_column][\/vc_row][vc_row][vc_column width=&#8220;1\/1&#8243;][vc_text_separator title=&#8220;Title&#8220; title_align=&#8220;separator_align_center&#8220; color=&#8220;grey&#8220; icon=&#8220;font-awesome&#8220; icon_awesome=&#8220;globe&#8220; icon_metrize=&#8220;waves&#8220; size=&#8220;20&#8243; icon_color=&#8220;#c1c1c1&#8243;]<div class=\"space\" style=\"height:25px;\"><\/div><div class=\"landing-title center wpb_content_element\"><h3 class=\"landing-title-tag\" style=\"font-size:28px;\">Unsere Kernkompetenzen<\/h3><\/div>[\/vc_column][\/vc_row][vc_row][vc_column width=&#8220;1\/3&#8243;][vc_column_text]<\/p>\n<div align=\"center\"><a href=\"https:\/\/gibbriver.com\/de\/steigerung-der-effizienz-von-prozessen\/\">Steigerung der Effizienz und Effektivit\u00e4t von Prozessen<\/a><\/div>\n<p>[\/vc_column_text]<div class=\"space\"><\/div>[\/vc_column][vc_column width=&#8220;1\/3&#8243;][vc_column_text]<\/p>\n<div align=\"center\"><a href=\"https:\/\/gibbriver.com\/de\/kundenerlebnis\/\">Kundenerlebnis<\/a><\/div>\n<p>[\/vc_column_text]<div class=\"space\"><\/div>[\/vc_column][vc_column width=&#8220;1\/3&#8243;][vc_column_text]<\/p>\n<p style=\"text-align: center;\"><a title=\"Entwicklung und Umsetzung von Einkaufsstrategien\" href=\"http:\/\/gibbriver.com\/de\/entwicklung-und-umsetzung-von-einkaufsstrategien\/\">Entwicklung und Umsetzung von Einkaufsstrategien<\/a><\/p>\n<p>[\/vc_column_text]<div class=\"space\"><\/div>[\/vc_column][\/vc_row][vc_row][vc_column width=&#8220;1\/3&#8243;][vc_column_text]<\/p>\n<p style=\"text-align: center;\"><a title=\"Ganzheitlicher Ansatz zur drastischen Reduzierung von Produktkosten\" href=\"http:\/\/gibbriver.com\/de\/ganzheitlicher-ansatz-zur-drastischen-reduzierung-von-produktkosten\/\">Ganzheitlicher Ansatz zur drastischen Reduzierung von Produktkosten (Breakthrough Cost Reduction, BCR)<\/a><\/p>\n<p>[\/vc_column_text]<div class=\"space\"><\/div>[\/vc_column][vc_column width=&#8220;1\/3&#8243;][vc_column_text]<\/p>\n<p style=\"text-align: center;\"><a title=\"Organisationsdesign\" href=\"http:\/\/gibbriver.com\/de\/organisationsdesign\/\">Organisationsdesign<\/a><\/p>\n<p>[\/vc_column_text]<div class=\"space\"><\/div>[\/vc_column][vc_column width=&#8220;1\/3&#8243;][vc_column_text]<\/p>\n<p style=\"text-align: center;\"><a title=\"Globale Standortoptimierung\" href=\"http:\/\/gibbriver.com\/de\/globale-standortoptimierung\/\">Globale Standortoptimierung<\/a><\/p>\n<p>[\/vc_column_text]<div class=\"space\"><\/div>[\/vc_column][\/vc_row][vc_row][vc_column width=&#8220;1\/3&#8243;][vc_column_text]<\/p>\n<p style=\"text-align: center;\"><a title=\"Opportunit\u00e4tsanalyse im Rahmen der Due Diligence\" href=\"http:\/\/gibbriver.com\/de\/opportunitatsanalyse-im-rahmen-der-due-diligence\/\">Opportunit\u00e4tsanalyse im Rahmen der Due Diligence<\/a><\/p>\n<p>[\/vc_column_text]<div class=\"space\"><\/div>[\/vc_column][vc_column width=&#8220;1\/3&#8243;][vc_column_text]<\/p>\n<p style=\"text-align: center;\"><a title=\"Post-Merger-Integration\" href=\"http:\/\/gibbriver.com\/de\/post-merger-integration-2\/\">Post-Merger-Integration<\/a><\/p>\n<p>[\/vc_column_text]<div class=\"space\"><\/div>[\/vc_column][vc_column width=&#8220;1\/3&#8243;][vc_column_text]<\/p>\n<p style=\"text-align: center;\"><a title=\"Strategie und internationale Markterschlie\u00dfung\" href=\"http:\/\/gibbriver.com\/de\/strategie-und-internationale-markterschliesung\/\">Strategie und internationale Markterschlie\u00dfung <\/a><\/p>\n<p>[\/vc_column_text]<div class=\"space\"><\/div>[\/vc_column][\/vc_row][vc_row][vc_column width=&#8220;1\/2&#8243;][\/vc_column][vc_column width=&#8220;1\/2&#8243;][\/vc_column][\/vc_row][vc_row][vc_column width=&#8220;1\/1&#8243;]<div class=\"space\" style=\"height:50px;\"><\/div>[\/vc_column][\/vc_row]<\/p>\n<\/section>","protected":false},"excerpt":{"rendered":"<p>[vc_row][vc_column width=&#8220;1\/1&#8243;][vc_column_text]Unser Fokus auf Kostensenkung, die Verbesserung des Kundenerlebnisses, globale Markterschlie\u00dfungsstrategien und andere strategische Themen erlaubt es uns, f\u00fcr Kunden in verschiedenen Branchen zu arbeiten. Zu unserem Kundenkreis k\u00f6nnen wir Gro\u00dfunternehmen, Mittelst\u00e4ndler sowie Startups z\u00e4hlen, wobei die meisten unserer Kunden umsatzm\u00e4\u00dfig bei EUR 150 Millionen bis ca. EUR 4 Mrd. liegen. Private-Equity-Firmen beauftragen uns regelm\u00e4\u00dfig, passende Akquisitionskandidaten f\u00fcr sie zu identifizieren oder zusammen mit den Managementteams der Portfoliounternehmen deren Kostenstruktur, Kundenerlebnis und Profitabilit\u00e4t signifikant zu verbessern. Au\u00dferdem denken wir mit unseren Kunden strategische Fragestellungen durch, z.B. Wettbewerbsstrategien und internationale Markterschlie\u00dfung, wobei wir die f\u00fcr faktenbasierte Entscheidungen n\u00f6tigen Daten und Perspektiven [&hellip;]<\/p>\n","protected":false},"author":1,"featured_media":0,"parent":0,"menu_order":0,"comment_status":"open","ping_status":"closed","template":"template-homepage.php","meta":[],"_links":{"self":[{"href":"https:\/\/gibbriver.com\/de\/wp-json\/wp\/v2\/pages\/3938"}],"collection":[{"href":"https:\/\/gibbriver.com\/de\/wp-json\/wp\/v2\/pages"}],"about":[{"href":"https:\/\/gibbriver.com\/de\/wp-json\/wp\/v2\/types\/page"}],"author":[{"embeddable":true,"href":"https:\/\/gibbriver.com\/de\/wp-json\/wp\/v2\/users\/1"}],"replies":[{"embeddable":true,"href":"https:\/\/gibbriver.com\/de\/wp-json\/wp\/v2\/comments?post=3938"}],"version-history":[{"count":4,"href":"https:\/\/gibbriver.com\/de\/wp-json\/wp\/v2\/pages\/3938\/revisions"}],"predecessor-version":[{"id":4647,"href":"https:\/\/gibbriver.com\/de\/wp-json\/wp\/v2\/pages\/3938\/revisions\/4647"}],"wp:attachment":[{"href":"https:\/\/gibbriver.com\/de\/wp-json\/wp\/v2\/media?parent=3938"}],"curies":[{"name":"wp","href":"https:\/\/api.w.org\/{rel}","templated":true}]}}