{"id":3942,"date":"2014-06-26T21:13:25","date_gmt":"2014-06-26T21:13:25","guid":{"rendered":"http:\/\/gibbriver.com\/?page_id=3942"},"modified":"2014-07-17T17:24:12","modified_gmt":"2014-07-17T17:24:12","slug":"ganzheitlicher-ansatz-zur-drastischen-reduzierung-von-produktkosten","status":"publish","type":"page","link":"https:\/\/gibbriver.com\/de\/ganzheitlicher-ansatz-zur-drastischen-reduzierung-von-produktkosten\/","title":{"rendered":"Ganzheitlicher Ansatz zur drastischen Reduzierung von Produktkosten"},"content":{"rendered":"<section class=\"wpb-content-wrapper\"><p>[vc_row][vc_column width=&#8220;2\/3&#8243;]<div class=\"landing-title left wpb_content_element\"><h3 class=\"landing-title-tag\" style=\"font-size:22px;\">Ganzheitlicher Ansatz zur drastischen Reduzierung von Produktkosten<\/h3>[vc_text_separator style=\"\" color=\"grey\" accent_color=\"#dddddd\" el_width=\"fixed\" el_class=\"\"]<\/div>[vc_column_text]Die Erzielung au\u00dfergew\u00f6hnlich gro\u00dfer Kosteneinsparungen bei produzierten G\u00fctern wie auch bei Dienstleistungen ist eine unserer Kernkompetenzen. Unsere Breakthrough-Cost-Reduction-Methodik (BCR) kombiniert dabei mehrere kommerzielle und technische Ans\u00e4tze auf eine besonders schlagkr\u00e4ftige Weise:<\/p>\n<ul>\n<li>Wir analysieren die <strong>Beschaffungsm\u00e4rkte<\/strong> und sehen uns nach <strong>neuen Zulieferern und Technologien<\/strong> um.<\/li>\n<li>Zusammen mit unseren Kunden erarbeiten wir ein <strong>detailliertes Verst\u00e4ndnis der Kostenstrukturen der Zulieferer.<\/strong><\/li>\n<li>Durch technische Analysen der Produkte unserer Kunden und deren Wettbewerber generieren wir <strong>Ideen zur Qualit\u00e4tsverbesserung und Kostensenkung.<\/strong><\/li>\n<li>Im Rahmen des BCR-Prozesses <strong>identifizieren<\/strong> wir mit unseren Kunden <strong>Kostensenkungspotentiale<\/strong> <strong>\u00fcber Funktionsbereichsgrenzen hinweg<\/strong>, indem wir Entwicklung, Ingenieurswesen, Einkauf, Fertigung und Marketing an einen Tisch bringen und uns st\u00e4ndig die Frage stellen, welche Produkteigenschaften der Endkunde tats\u00e4chlich wertsch\u00e4tzt.<\/li>\n<li>Dabei streben wir immer an, so weit wie m\u00f6glich <strong>Potentiale <\/strong>zur Kostensenkung zu identifizieren, die<strong> sowohl f\u00fcr unsere Kunden als auch f\u00fcr deren Zulieferer von Vorteil<\/strong> sind.<\/li>\n<\/ul>\n<p>In der Praxis erzielen wir mit unserem BCR-Ansatz meist <strong>Einsparungen von 10-30% und mehr der Produktkosten<\/strong>, was die Erwartungen unserer Kunden regelm\u00e4\u00dfig \u00fcbertrifft[\/vc_column_text][\/vc_column][vc_column width=&#8220;1\/3&#8243;][layerslider_vc id=&#8220;9&#8243;][\/vc_column][\/vc_row][vc_row][vc_column width=&#8220;1\/1&#8243;]<div class=\"space\" style=\"height:50px;\"><\/div>[\/vc_column][\/vc_row][vc_row][vc_column width=&#8220;1\/1&#8243;][vc_text_separator title=&#8220;Ausgew\u00e4hlte Projektbeschreibungen&#8220; title_align=&#8220;separator_align_center&#8220; color=&#8220;grey&#8220; icon_awesome=&#8220;android&#8220; icon_metrize=&#8220;waves&#8220; size=&#8220;20&#8243; icon_color=&#8220;#ff6600&#8243;][\/vc_column][\/vc_row][vc_row][vc_column width=&#8220;1\/1&#8243;]<div class=\"testimonial2 wpb_content_element\"><img width=\"80\" height=\"80\" src=\"https:\/\/gibbriver.com\/wp-content\/uploads\/2014\/06\/bcr1.jpg\" class=\"attachment-facebook\" alt=\"\" decoding=\"async\" loading=\"lazy\" title=\"BCR\" srcset=\"https:\/\/gibbriver.com\/wp-content\/uploads\/2014\/06\/bcr1.jpg 80w, https:\/\/gibbriver.com\/wp-content\/uploads\/2014\/06\/bcr1-60x60.jpg 60w, https:\/\/gibbriver.com\/wp-content\/uploads\/2014\/06\/bcr1-75x75.jpg 75w, https:\/\/gibbriver.com\/wp-content\/uploads\/2014\/06\/bcr1-40x40.jpg 40w\" sizes=\"(max-width: 80px) 100vw, 80px\" \/><div class=\"testimonial-content\"><p>Durch eine Kombination des Design-to-Cost-Ansatzes mit der Erschlie\u00dfung von neuen Zulieferern in Asien erzielten wir Einsparungen von 30-40+% bei komplexen Investitionsg\u00fctern (USA, Europa, Asien).<\/p><\/div><p class=\"testimonial-desc\"><span class=\"testimonial-details\"><span class=\"testimonial-name\"><\/span><span class=\"testimonial-company\"><\/span><\/span><\/p><\/div><div class=\"testimonial2 wpb_content_element\"><img width=\"80\" height=\"80\" src=\"https:\/\/gibbriver.com\/wp-content\/uploads\/2014\/06\/bcr2.jpg\" class=\"attachment-facebook\" alt=\"\" decoding=\"async\" loading=\"lazy\" title=\"BCR\" srcset=\"https:\/\/gibbriver.com\/wp-content\/uploads\/2014\/06\/bcr2.jpg 80w, https:\/\/gibbriver.com\/wp-content\/uploads\/2014\/06\/bcr2-60x60.jpg 60w, https:\/\/gibbriver.com\/wp-content\/uploads\/2014\/06\/bcr2-75x75.jpg 75w, https:\/\/gibbriver.com\/wp-content\/uploads\/2014\/06\/bcr2-40x40.jpg 40w\" sizes=\"(max-width: 80px) 100vw, 80px\" \/><div class=\"testimonial-content\"><p>F\u00fcr einen der f\u00fchrenden Betreiber von Mietfahrradsystemen erzielten wir Einsparungen von mehreren Millionen Euro (&gt;40%) auf Fahrr\u00e4der und von \u00fcber 20% auf die Fahrradstationen. Dabei entwickelten wir zusammen mit unserem Kunden detaillierte Modelle der Herstellerkosten und setzten dieses Wissen in ein kosteneffizienteres Design und eine effektive Verhandlungsstrategie um. Au\u00dferdem identifizierten und qualifizierten wir einen zus\u00e4tzlichen Zulieferer in Lateinamerika (Europa, Lateinamerika).<\/p><\/div><p class=\"testimonial-desc\"><span class=\"testimonial-details\"><span class=\"testimonial-name\"><\/span><span class=\"testimonial-company\"><\/span><\/span><\/p><\/div>[\/vc_column][\/vc_row]<\/p>\n<\/section>","protected":false},"excerpt":{"rendered":"<p>[vc_row][vc_column width=&#8220;2\/3&#8243;][vc_column_text]Die Erzielung au\u00dfergew\u00f6hnlich gro\u00dfer Kosteneinsparungen bei produzierten G\u00fctern wie auch bei Dienstleistungen ist eine unserer Kernkompetenzen. Unsere Breakthrough-Cost-Reduction-Methodik (BCR) kombiniert dabei mehrere kommerzielle und technische Ans\u00e4tze auf eine besonders schlagkr\u00e4ftige Weise: Wir analysieren die Beschaffungsm\u00e4rkte und sehen uns nach neuen Zulieferern und Technologien um. Zusammen mit unseren Kunden erarbeiten wir ein detailliertes Verst\u00e4ndnis der Kostenstrukturen der Zulieferer. Durch technische Analysen der Produkte unserer Kunden und deren Wettbewerber generieren wir Ideen zur Qualit\u00e4tsverbesserung und Kostensenkung. Im Rahmen des BCR-Prozesses identifizieren wir mit unseren Kunden Kostensenkungspotentiale \u00fcber Funktionsbereichsgrenzen hinweg, indem wir Entwicklung, Ingenieurswesen, Einkauf, Fertigung und Marketing an einen Tisch bringen [&hellip;]<\/p>\n","protected":false},"author":1,"featured_media":0,"parent":0,"menu_order":0,"comment_status":"open","ping_status":"open","template":"","meta":[],"_links":{"self":[{"href":"https:\/\/gibbriver.com\/de\/wp-json\/wp\/v2\/pages\/3942"}],"collection":[{"href":"https:\/\/gibbriver.com\/de\/wp-json\/wp\/v2\/pages"}],"about":[{"href":"https:\/\/gibbriver.com\/de\/wp-json\/wp\/v2\/types\/page"}],"author":[{"embeddable":true,"href":"https:\/\/gibbriver.com\/de\/wp-json\/wp\/v2\/users\/1"}],"replies":[{"embeddable":true,"href":"https:\/\/gibbriver.com\/de\/wp-json\/wp\/v2\/comments?post=3942"}],"version-history":[{"count":7,"href":"https:\/\/gibbriver.com\/de\/wp-json\/wp\/v2\/pages\/3942\/revisions"}],"predecessor-version":[{"id":4400,"href":"https:\/\/gibbriver.com\/de\/wp-json\/wp\/v2\/pages\/3942\/revisions\/4400"}],"wp:attachment":[{"href":"https:\/\/gibbriver.com\/de\/wp-json\/wp\/v2\/media?parent=3942"}],"curies":[{"name":"wp","href":"https:\/\/api.w.org\/{rel}","templated":true}]}}