{"id":3944,"date":"2014-06-26T21:17:06","date_gmt":"2014-06-26T21:17:06","guid":{"rendered":"http:\/\/gibbriver.com\/?page_id=3944"},"modified":"2014-07-17T17:25:17","modified_gmt":"2014-07-17T17:25:17","slug":"entwicklung-und-umsetzung-von-einkaufsstrategien","status":"publish","type":"page","link":"https:\/\/gibbriver.com\/de\/entwicklung-und-umsetzung-von-einkaufsstrategien\/","title":{"rendered":"Entwicklung und Umsetzung von Einkaufsstrategien"},"content":{"rendered":"<section class=\"wpb-content-wrapper\"><p>[vc_row][vc_column width=&#8220;2\/3&#8243;]<div class=\"landing-title left wpb_content_element\"><h3 class=\"landing-title-tag\" style=\"font-size:22px;\">Entwicklung und Umsetzung von Einkaufsstrategien<\/h3>[vc_text_separator style=\"\" color=\"grey\" accent_color=\"#dddddd\" el_width=\"fixed\" el_class=\"\"]<\/div>[vc_column_text]The Gibb River Group entwickelt <strong>innovative Beschaffungsstrategien<\/strong>, die oftmals beeindruckend hohe Einsparungen erm\u00f6glichen. \u00dcber die Jahre hat unser Team f\u00fcr unsere Kunden Einsparungen in H\u00f6he von mehreren hundert Millionen Euro erzielt. Der <strong>Total-Cost-of-Ownership (TCO)-Ansatz<\/strong> erm\u00f6glicht es uns, Kostensenkungspotentiale entlang der gesamten Wertsch\u00f6pfungskette zu realisieren, also nicht nur beim Preis, sondern auch in der Logistik und Lagerhaltung, bei der Qualit\u00e4t und in anderen Bereichen.<\/p>\n<p><strong>Wir beschr\u00e4nken uns aber nicht nur auf blo\u00dfe Analysen<\/strong>, sondern <strong>unterst\u00fctzen<\/strong> unsere Kunden auch <strong>bei <\/strong>faktenbasierten <strong>Verhandlungen<\/strong> mit Zulieferern. Falls gew\u00fcnscht sehen wir uns dann am Ende des Prozesses noch einmal die Liefervertr\u00e4ge an, um sicherzustellen, dass alle vereinbarten Punkte auch ihren Weg in den Vertrag gefunden haben. Dies ersetzt nat\u00fcrlich nicht die Durchsicht der Vertr\u00e4ge durch einen Juristen.<\/p>\n<p>Der <strong>Erfolg<\/strong> unserer Einkaufsprojekte beruht im wesentlichen auf dem <strong>unerm\u00fcdlichen Einsatz unserer Partner<\/strong> f\u00fcr die Interessen unserer Kunden und auf folgenden Bausteinen:<\/p>\n<ul>\n<li><strong>Detailliertes Verst\u00e4ndnis der Gesamtkosten (TCO)<\/strong> einer G\u00fcter- oder Dienstleistungsgruppe im Einkauf, inklusive Transport- und Logistikkosten, indirekten Kosten, Qualit\u00e4t und Lagermengen<\/li>\n<li><strong>Ausf\u00fchrliche Analysen der Beschaffungsm\u00e4rkte<\/strong>, inklusive derer in <strong>Asien<\/strong> und <strong>Lateinamerika<\/strong><\/li>\n<li><strong>Klar definierte <\/strong>Zuliefereranfragen (RFI) und Einholung von Angeboten (RFQ)<\/li>\n<li><strong>Fundierte Analyse<\/strong> aller relevanten Angebote<\/li>\n<li><strong>Ausf\u00fchrliche Vorbereitung der Verhandlungen<\/strong> mit Zulieferern, wobei wir auf Ergebnisse abzielen, die sowohl f\u00fcr unsere Kunden als auch f\u00fcr deren Zulieferer vorteilhaft sind<\/li>\n<li><strong>Coaching <\/strong>unserer Kunden <strong>in Verhandlungen<\/strong> mit Zulieferern<\/li>\n<li><strong>Gute<\/strong> <strong>Zusammenarbeit mit den Rechtsabteilungen oder externen Kanzleien<\/strong> unserer Kunden, welche sicherstellt, dass alle vereinbarten Punkte in den Vertr\u00e4gen festgehalten werden<\/li>\n<li><strong>L\u00e4ngerfristige Zusammenarbeit mit den Zulieferern<\/strong> (bestehend und neu) unserer Kunden, um die Anforderungen unserer Kunden in partnerschaftlicher Weise umzusetzen<\/li>\n<\/ul>\n<p>[\/vc_column_text][\/vc_column][vc_column width=&#8220;1\/3&#8243;][layerslider_vc id=&#8220;10&#8243;][\/vc_column][\/vc_row][vc_row][vc_column]<div class=\"space\" style=\"height:50px;\"><\/div>[\/vc_column][\/vc_row][vc_row][vc_column width=&#8220;1\/1&#8243;][vc_text_separator title=&#8220;Ausgew\u00e4hlte Projektbeschreibungen&#8220; title_align=&#8220;separator_align_center&#8220; color=&#8220;grey&#8220; icon_awesome=&#8220;android&#8220; icon_metrize=&#8220;waves&#8220; size=&#8220;20&#8243; icon_color=&#8220;#ff6600&#8243;]<div class=\"testimonial2 wpb_content_element\"><img width=\"80\" height=\"80\" src=\"https:\/\/gibbriver.com\/wp-content\/uploads\/2014\/06\/Sourcing1.jpg\" class=\"attachment-facebook\" alt=\"\" decoding=\"async\" loading=\"lazy\" title=\"Strategic Sourcing\" srcset=\"https:\/\/gibbriver.com\/wp-content\/uploads\/2014\/06\/Sourcing1.jpg 80w, https:\/\/gibbriver.com\/wp-content\/uploads\/2014\/06\/Sourcing1-60x60.jpg 60w, https:\/\/gibbriver.com\/wp-content\/uploads\/2014\/06\/Sourcing1-75x75.jpg 75w, https:\/\/gibbriver.com\/wp-content\/uploads\/2014\/06\/Sourcing1-40x40.jpg 40w\" sizes=\"(max-width: 80px) 100vw, 80px\" \/><div class=\"testimonial-content\"><p>Wir entwickelten eine innovative, von der gesamten Branche beachtete Einkaufsstrategie f\u00fcr Flugbenzin und setzten diese in Verhandlungen mit Mineral\u00f6lkonzernen verschiedener Gr\u00f6\u00dfe f\u00fcr unseren Kunden um, der durch dieses Projekt seine Profitabilit\u00e4t deutlich steigern konnte. <\/p><\/div><p class=\"testimonial-desc\"><span class=\"testimonial-details\"><span class=\"testimonial-name\"><\/span><span class=\"testimonial-company\"><\/span><\/span><\/p><\/div><div class=\"testimonial2 wpb_content_element\"><img width=\"80\" height=\"80\" src=\"https:\/\/gibbriver.com\/wp-content\/uploads\/2014\/06\/sourcing2.jpg\" class=\"attachment-facebook\" alt=\"\" decoding=\"async\" loading=\"lazy\" title=\"sourcing2\" srcset=\"https:\/\/gibbriver.com\/wp-content\/uploads\/2014\/06\/sourcing2.jpg 80w, https:\/\/gibbriver.com\/wp-content\/uploads\/2014\/06\/sourcing2-60x60.jpg 60w, https:\/\/gibbriver.com\/wp-content\/uploads\/2014\/06\/sourcing2-75x75.jpg 75w, https:\/\/gibbriver.com\/wp-content\/uploads\/2014\/06\/sourcing2-40x40.jpg 40w\" sizes=\"(max-width: 80px) 100vw, 80px\" \/><div class=\"testimonial-content\"><p>Unser Team half einem Kunden hochgesteckte Einsparziele im Einkauf von indirekten G\u00fctern und Dienstleistungen zu erzielen. Dabei arbeiteten wir mit Tochtergesellschaften auf mehreren Kontinenten erfolgreich zusammen (Europa, USA, Australien, Neuseeland).<\/p><\/div><p class=\"testimonial-desc\"><span class=\"testimonial-details\"><span class=\"testimonial-name\"><\/span><span class=\"testimonial-company\"><\/span><\/span><\/p><\/div>[\/vc_column][\/vc_row]<\/p>\n<\/section>","protected":false},"excerpt":{"rendered":"<p>[vc_row][vc_column width=&#8220;2\/3&#8243;][vc_column_text]The Gibb River Group entwickelt innovative Beschaffungsstrategien, die oftmals beeindruckend hohe Einsparungen erm\u00f6glichen. \u00dcber die Jahre hat unser Team f\u00fcr unsere Kunden Einsparungen in H\u00f6he von mehreren hundert Millionen Euro erzielt. Der Total-Cost-of-Ownership (TCO)-Ansatz erm\u00f6glicht es uns, Kostensenkungspotentiale entlang der gesamten Wertsch\u00f6pfungskette zu realisieren, also nicht nur beim Preis, sondern auch in der Logistik und Lagerhaltung, bei der Qualit\u00e4t und in anderen Bereichen. Wir beschr\u00e4nken uns aber nicht nur auf blo\u00dfe Analysen, sondern unterst\u00fctzen unsere Kunden auch bei faktenbasierten Verhandlungen mit Zulieferern. Falls gew\u00fcnscht sehen wir uns dann am Ende des Prozesses noch einmal die Liefervertr\u00e4ge an, um sicherzustellen, [&hellip;]<\/p>\n","protected":false},"author":1,"featured_media":0,"parent":0,"menu_order":0,"comment_status":"closed","ping_status":"closed","template":"","meta":[],"_links":{"self":[{"href":"https:\/\/gibbriver.com\/de\/wp-json\/wp\/v2\/pages\/3944"}],"collection":[{"href":"https:\/\/gibbriver.com\/de\/wp-json\/wp\/v2\/pages"}],"about":[{"href":"https:\/\/gibbriver.com\/de\/wp-json\/wp\/v2\/types\/page"}],"author":[{"embeddable":true,"href":"https:\/\/gibbriver.com\/de\/wp-json\/wp\/v2\/users\/1"}],"replies":[{"embeddable":true,"href":"https:\/\/gibbriver.com\/de\/wp-json\/wp\/v2\/comments?post=3944"}],"version-history":[{"count":8,"href":"https:\/\/gibbriver.com\/de\/wp-json\/wp\/v2\/pages\/3944\/revisions"}],"predecessor-version":[{"id":4402,"href":"https:\/\/gibbriver.com\/de\/wp-json\/wp\/v2\/pages\/3944\/revisions\/4402"}],"wp:attachment":[{"href":"https:\/\/gibbriver.com\/de\/wp-json\/wp\/v2\/media?parent=3944"}],"curies":[{"name":"wp","href":"https:\/\/api.w.org\/{rel}","templated":true}]}}