{"id":3946,"date":"2014-06-26T21:23:26","date_gmt":"2014-06-26T21:23:26","guid":{"rendered":"http:\/\/gibbriver.com\/?page_id=3946"},"modified":"2018-06-24T22:29:58","modified_gmt":"2018-06-24T22:29:58","slug":"steigerung-der-effizienz-von-prozessen","status":"publish","type":"page","link":"https:\/\/gibbriver.com\/de\/steigerung-der-effizienz-von-prozessen\/","title":{"rendered":"Steigerung der Effizienz und Effektivit\u00e4t von Prozessen"},"content":{"rendered":"<section class=\"wpb-content-wrapper\"><p>[vc_row][vc_column width=&#8220;2\/3&#8243;]<div class=\"landing-title left wpb_content_element\"><h2 class=\"landing-title-tag\">Steigerung der Effizienz und Effektivit\u00e4t von Prozessen <\/h2>[vc_text_separator style=\"\" color=\"grey\" accent_color=\"\" el_width=\"fixed\" el_class=\"\"]<\/div>[vc_column_text]Die Teams der Gibb River Group <strong>verschlanken und optimieren Prozesse<\/strong> nach der Methodik der schlanken Produktion, sowohl <strong>im administrativen Bereich wie auch in der Fertigung<\/strong>. Wie bei all unseren Projekten arbeiten wir auch hier eng mit unseren Kunden zusammen, um solide und <strong>praktische Ma\u00dfnahmen<\/strong> zu <strong>definieren<\/strong> <strong>und<\/strong> auch <strong>umzusetzen<\/strong>.<\/p>\n<p>Je nach den Vorstellungen unserer Kunden definieren wir als Projektziel:<\/p>\n<ul>\n<li>Prozessverbesserungen, die eine <strong>h\u00f6here Qualit\u00e4t<\/strong> des jeweiligen Produktes oder der Dienstleistung erm\u00f6glichen und \/ oder<\/li>\n<li>Die <strong>Reduzierung von Prozesszeiten<\/strong>, was zu <strong>Kapazit\u00e4tssteigerungen<\/strong> f\u00fchrt, die unsere Kunden dazu nutzen k\u00f6nnen, Prozesskosten zu reduzieren oder Investitionen zur Kapazit\u00e4tserweiterung hinauszuschieben oder gar zu vermeiden<\/li>\n<\/ul>\n<p>Um die Prozessverbesserungen <strong>dauerhaft<\/strong> beim Kunden zu <strong>verankern<\/strong>, legen wir besonderen Wert auf <strong>gr\u00fcndliches Training und l\u00e4ngerfristiges Coaching von Vorarbeitern<\/strong> und des gesamten am Prozess beteiligten <strong>Teams<\/strong>.<\/p>\n<p>Gerne helfen wir unseren Kunden auch, Fragestellungen im Bereich <strong>Operations Research<\/strong> (Optimierung von Kapazit\u00e4ten und Prozessplanung) zu l\u00f6sen.[\/vc_column_text][\/vc_column][vc_column width=&#8220;1\/3&#8243;][layerslider_vc id=&#8220;11&#8243;][\/vc_column][\/vc_row][vc_row][vc_column]<div class=\"space\" style=\"height:50px;\"><\/div>[vc_text_separator title=&#8220;Ausgew\u00e4hlte Projektbeschreibungen&#8220; title_align=&#8220;separator_align_center&#8220; color=&#8220;grey&#8220; icon_awesome=&#8220;android&#8220; icon_metrize=&#8220;waves&#8220; size=&#8220;20&#8243; icon_color=&#8220;#ff6600&#8243;]<div class=\"testimonial2 wpb_content_element\"><img width=\"80\" height=\"80\" src=\"https:\/\/gibbriver.com\/wp-content\/uploads\/2014\/06\/Ops-Efficiency1.jpg\" class=\"attachment-facebook\" alt=\"\" decoding=\"async\" loading=\"lazy\" title=\"Ops Efficiency\" srcset=\"https:\/\/gibbriver.com\/wp-content\/uploads\/2014\/06\/Ops-Efficiency1.jpg 80w, https:\/\/gibbriver.com\/wp-content\/uploads\/2014\/06\/Ops-Efficiency1-60x60.jpg 60w, https:\/\/gibbriver.com\/wp-content\/uploads\/2014\/06\/Ops-Efficiency1-75x75.jpg 75w, https:\/\/gibbriver.com\/wp-content\/uploads\/2014\/06\/Ops-Efficiency1-40x40.jpg 40w\" sizes=\"(max-width: 80px) 100vw, 80px\" \/><div class=\"testimonial-content\"><p>F\u00fcr einen Reiseveranstalter verbesserten wir eine Reihe von Prozessen, z.B. Buchungsabl\u00e4ufe, und reduzierten somit die Kosten um 10-20%+ bei gleichzeitig verbesserter Prozessqualit\u00e4t aus Kundensicht (USA, Europa, Nahost).<\/p><\/div><p class=\"testimonial-desc\"><span class=\"testimonial-details\"><span class=\"testimonial-name\"><\/span><span class=\"testimonial-company\"><\/span><\/span><\/p><\/div><div class=\"testimonial2 wpb_content_element\"><img width=\"80\" height=\"80\" src=\"https:\/\/gibbriver.com\/wp-content\/uploads\/2014\/06\/Ops-Efficiency2.jpg\" class=\"attachment-facebook\" alt=\"\" decoding=\"async\" loading=\"lazy\" title=\"Ops Efficiency\" srcset=\"https:\/\/gibbriver.com\/wp-content\/uploads\/2014\/06\/Ops-Efficiency2.jpg 80w, https:\/\/gibbriver.com\/wp-content\/uploads\/2014\/06\/Ops-Efficiency2-60x60.jpg 60w, https:\/\/gibbriver.com\/wp-content\/uploads\/2014\/06\/Ops-Efficiency2-75x75.jpg 75w, https:\/\/gibbriver.com\/wp-content\/uploads\/2014\/06\/Ops-Efficiency2-40x40.jpg 40w\" sizes=\"(max-width: 80px) 100vw, 80px\" \/><div class=\"testimonial-content\"><p>Unser Team optimierte die Produktionsprozesse eines europ\u00e4ischen Freizeitartikelherstellers, wobei wir die Kapazit\u00e4t um 30% ohne zus\u00e4tzliche Investitionen steigern konnten und die Fehlerquote in Teilbereichen der Fertigung um \u00fcber 50% reduzierten.<\/p><\/div><p class=\"testimonial-desc\"><span class=\"testimonial-details\"><span class=\"testimonial-name\"><\/span><span class=\"testimonial-company\"><\/span><\/span><\/p><\/div>[\/vc_column][\/vc_row]<\/p>\n<\/section>","protected":false},"excerpt":{"rendered":"<p>[vc_row][vc_column width=&#8220;2\/3&#8243;][vc_column_text]Die Teams der Gibb River Group verschlanken und optimieren Prozesse nach der Methodik der schlanken Produktion, sowohl im administrativen Bereich wie auch in der Fertigung. Wie bei all unseren Projekten arbeiten wir auch hier eng mit unseren Kunden zusammen, um solide und praktische Ma\u00dfnahmen zu definieren und auch umzusetzen. Je nach den Vorstellungen unserer Kunden definieren wir als Projektziel: Prozessverbesserungen, die eine h\u00f6here Qualit\u00e4t des jeweiligen Produktes oder der Dienstleistung erm\u00f6glichen und \/ oder Die Reduzierung von Prozesszeiten, was zu Kapazit\u00e4tssteigerungen f\u00fchrt, die unsere Kunden dazu nutzen k\u00f6nnen, Prozesskosten zu reduzieren oder Investitionen zur Kapazit\u00e4tserweiterung hinauszuschieben oder gar zu [&hellip;]<\/p>\n","protected":false},"author":1,"featured_media":0,"parent":0,"menu_order":0,"comment_status":"open","ping_status":"open","template":"","meta":[],"_links":{"self":[{"href":"https:\/\/gibbriver.com\/de\/wp-json\/wp\/v2\/pages\/3946"}],"collection":[{"href":"https:\/\/gibbriver.com\/de\/wp-json\/wp\/v2\/pages"}],"about":[{"href":"https:\/\/gibbriver.com\/de\/wp-json\/wp\/v2\/types\/page"}],"author":[{"embeddable":true,"href":"https:\/\/gibbriver.com\/de\/wp-json\/wp\/v2\/users\/1"}],"replies":[{"embeddable":true,"href":"https:\/\/gibbriver.com\/de\/wp-json\/wp\/v2\/comments?post=3946"}],"version-history":[{"count":8,"href":"https:\/\/gibbriver.com\/de\/wp-json\/wp\/v2\/pages\/3946\/revisions"}],"predecessor-version":[{"id":4612,"href":"https:\/\/gibbriver.com\/de\/wp-json\/wp\/v2\/pages\/3946\/revisions\/4612"}],"wp:attachment":[{"href":"https:\/\/gibbriver.com\/de\/wp-json\/wp\/v2\/media?parent=3946"}],"curies":[{"name":"wp","href":"https:\/\/api.w.org\/{rel}","templated":true}]}}