{"id":3950,"date":"2014-06-26T21:32:43","date_gmt":"2014-06-26T21:32:43","guid":{"rendered":"http:\/\/gibbriver.com\/?page_id=3950"},"modified":"2014-07-17T17:28:01","modified_gmt":"2014-07-17T17:28:01","slug":"globale-standortoptimierung","status":"publish","type":"page","link":"https:\/\/gibbriver.com\/de\/globale-standortoptimierung\/","title":{"rendered":"Globale Standortoptimierung"},"content":{"rendered":"<section class=\"wpb-content-wrapper\"><p>[vc_row][vc_column width=&#8220;2\/3&#8243;]<div class=\"landing-title left wpb_content_element\"><h3 class=\"landing-title-tag\" style=\"font-size:22px;\">Globale Standortoptimierung<\/h3>[vc_text_separator style=\"\" color=\"grey\" accent_color=\"#dddddd\" el_width=\"fixed\" el_class=\"\"]<\/div>[vc_column_text]Wir unterst\u00fctzen unsere Kunden bei der <strong>globalen Optimierung von Standorten<\/strong>, wobei wir unsere Analysen auf dem <strong>Gesamtkostenansatz<\/strong> (Total Cost of Ownership, TCO) aufbauen. Hierbei ber\u00fccksichtigen wir das hergestellte Produkt oder die erbrachte Dienstleistung, die geographische Verteilung der Kunden sowie die Komplexit\u00e4t der Wertsch\u00f6pfungskette.<\/p>\n<p>Durch die Arbeit mit unseren Kunden, die Komponenten, Halbfertigprodukte und komplexe Produkte in Auftragsfertigung weltweit einkaufen, waren wir eine der ersten Beratungsfirmen, die den Trend zur <strong>R\u00fcckkehr der Industrie und Fertigung in die USA<\/strong>, <strong>und<\/strong> in etwas geringerem Ausma\u00df <strong>nach Europa<\/strong>, <strong>vorhergesagt<\/strong> haben.<\/p>\n<p>Zwar haben die <strong>rasch wachsenden L\u00e4nder<\/strong>, besonders in Asien, nach wie vor <strong>Kostenvorteile<\/strong> gegen\u00fcber den USA und Europa, aber bei einer <strong>genaueren Analyse<\/strong> zeigt sich, dass die Produkte aus diesen L\u00e4ndern <strong>nicht notwendigerweise die niedrigsten Gesamtkosten (TCO)<\/strong> f\u00fcr einen Kunden in den USA oder Europa aufweisen. Der Gesamtkostenansatz ber\u00fccksichtigt nicht nur den Preis eines Produktes, sondern alle Kosten, die im Zusammenhang mit dem Kauf des Produktes entstehen, wie z.B. Verpackungs- und Transportkosten, die Wareneingangskontroll- und Lagerhaltungskosten, die Kosten, die entstehen, wenn Waren aufgrund von Verz\u00f6gerungen beim Transport erst versp\u00e4tet ausgeliefert werden k\u00f6nnen und die Kosten f\u00fcr Besuche bei Zulieferern, um nur einige Kostenkategorien aufzuz\u00e4hlen.<\/p>\n<p>Der Artikel, der unsere Erkenntnisse darlegt, ist seit 2010 immer wieder angefragt und heruntergeladen worden.<\/p>\n<p>Artikel <a href=\"http:\/\/gibbriver.com\/wp-content\/uploads\/2014\/06\/The_Gibb_River_Group_re-shoring_TCO_article.pdf\" target=\"_blank\"><strong><span style=\"color: #464646;\">herunterladen<\/span><\/strong>\u00a0<\/a>[\/vc_column_text][\/vc_column][vc_column width=&#8220;1\/3&#8243;][layerslider_vc id=&#8220;13&#8243;][\/vc_column][\/vc_row][vc_row][vc_column]<div class=\"space\" style=\"height:50px;\"><\/div>[\/vc_column][\/vc_row]<\/p>\n<\/section>","protected":false},"excerpt":{"rendered":"<p>[vc_row][vc_column width=&#8220;2\/3&#8243;][vc_column_text]Wir unterst\u00fctzen unsere Kunden bei der globalen Optimierung von Standorten, wobei wir unsere Analysen auf dem Gesamtkostenansatz (Total Cost of Ownership, TCO) aufbauen. Hierbei ber\u00fccksichtigen wir das hergestellte Produkt oder die erbrachte Dienstleistung, die geographische Verteilung der Kunden sowie die Komplexit\u00e4t der Wertsch\u00f6pfungskette. Durch die Arbeit mit unseren Kunden, die Komponenten, Halbfertigprodukte und komplexe Produkte in Auftragsfertigung weltweit einkaufen, waren wir eine der ersten Beratungsfirmen, die den Trend zur R\u00fcckkehr der Industrie und Fertigung in die USA, und in etwas geringerem Ausma\u00df nach Europa, vorhergesagt haben. Zwar haben die rasch wachsenden L\u00e4nder, besonders in Asien, nach wie vor Kostenvorteile [&hellip;]<\/p>\n","protected":false},"author":1,"featured_media":0,"parent":0,"menu_order":0,"comment_status":"open","ping_status":"open","template":"","meta":[],"_links":{"self":[{"href":"https:\/\/gibbriver.com\/de\/wp-json\/wp\/v2\/pages\/3950"}],"collection":[{"href":"https:\/\/gibbriver.com\/de\/wp-json\/wp\/v2\/pages"}],"about":[{"href":"https:\/\/gibbriver.com\/de\/wp-json\/wp\/v2\/types\/page"}],"author":[{"embeddable":true,"href":"https:\/\/gibbriver.com\/de\/wp-json\/wp\/v2\/users\/1"}],"replies":[{"embeddable":true,"href":"https:\/\/gibbriver.com\/de\/wp-json\/wp\/v2\/comments?post=3950"}],"version-history":[{"count":5,"href":"https:\/\/gibbriver.com\/de\/wp-json\/wp\/v2\/pages\/3950\/revisions"}],"predecessor-version":[{"id":4405,"href":"https:\/\/gibbriver.com\/de\/wp-json\/wp\/v2\/pages\/3950\/revisions\/4405"}],"wp:attachment":[{"href":"https:\/\/gibbriver.com\/de\/wp-json\/wp\/v2\/media?parent=3950"}],"curies":[{"name":"wp","href":"https:\/\/api.w.org\/{rel}","templated":true}]}}