{"id":3952,"date":"2014-06-26T21:35:04","date_gmt":"2014-06-26T21:35:04","guid":{"rendered":"http:\/\/gibbriver.com\/?page_id=3952"},"modified":"2014-07-17T17:28:49","modified_gmt":"2014-07-17T17:28:49","slug":"post-merger-integration-2","status":"publish","type":"page","link":"https:\/\/gibbriver.com\/de\/post-merger-integration-2\/","title":{"rendered":"Post-Merger-Integration"},"content":{"rendered":"<section class=\"wpb-content-wrapper\"><p>[vc_row][vc_column width=&#8220;2\/3&#8243;]<div class=\"landing-title left wpb_content_element\"><h3 class=\"landing-title-tag\" style=\"font-size:22px;\">Post-Merger-Integration<\/h3>[vc_text_separator style=\"\" color=\"grey\" accent_color=\"#dddddd\" el_width=\"fixed\" el_class=\"\"]<\/div>[vc_column_text]Unsere Arbeit im Post-Merger-Integration-Bereich unterst\u00fctzt unsere Kunden bei der <strong>Entwicklung und Umsetzung von Integrationspl\u00e4nen<\/strong>, die die <strong>Synergien<\/strong> der Unternehmenskombination <strong>realisieren<\/strong>.<\/p>\n<p>Wie bei all unseren Projekten kommt auch bei der Post-Merger-Integration ein <strong>strukturierter Ansatz<\/strong> zum Einsatz, wobei wir aber nie au\u00dfer Acht lassen, dass jede Kundensituation ein <strong>individuell ma\u00dfgeschneidertes Konzept<\/strong> erfordert:<\/p>\n<ul>\n<li>Wir unterst\u00fctzen unsere Kunden bei der Festlegung des Zeithorizontes f\u00fcr die Integration und entwickeln einen detaillierten <strong>Integrationsplan.<\/strong><\/li>\n<li>Detaillierte Integrationspl\u00e4ne werden auch f\u00fcr jeden Funktionsbereich festgelegt. Die Zusammenarbeit mit jedem Funktionsbereich erm\u00f6glicht es uns, <strong>wichtige Interdependenzen zu erkennen<\/strong>, die sonst u. U. \u00fcbersehen werden k\u00f6nnten.<\/li>\n<li>Wir bauen das <strong>Post-Merger Integration Office (PMIO)<\/strong> auf und unterst\u00fctzen es w\u00e4hrend der gesamten Integrationsphase. Somit stellen wir sicher, dass Zeithorizonte eingehalten und die Integrationspl\u00e4ne nach Plan vorangetrieben werden.<\/li>\n<li>Aus zahlreichen erfolgreich abgeschlossenen Projekten bringen wir das n\u00f6tige Know-How mit, das es uns erlaubt, gemeinsam mit unseren \u00a0Kunden <strong>schlagkr\u00e4ftige und kosteneffiziente Organisationen zu entwerfen und aufzubauen<\/strong>.<\/li>\n<\/ul>\n<p>[\/vc_column_text][\/vc_column][vc_column width=&#8220;1\/3&#8243;][layerslider_vc id=&#8220;14&#8243;][\/vc_column][\/vc_row][vc_row][vc_column]<div class=\"space\" style=\"height:50px;\"><\/div>[\/vc_column][\/vc_row][vc_row][vc_column width=&#8220;1\/1&#8243;][vc_text_separator title=&#8220;Ausgew\u00e4hlte Projektbeschreibungen&#8220; title_align=&#8220;separator_align_center&#8220; color=&#8220;grey&#8220; icon_awesome=&#8220;android&#8220; icon_metrize=&#8220;waves&#8220; size=&#8220;20&#8243; icon_color=&#8220;#ff6600&#8243;]<div class=\"testimonial2 wpb_content_element\"><img width=\"80\" height=\"80\" src=\"https:\/\/gibbriver.com\/wp-content\/uploads\/2014\/06\/Post_Merger_Integration2.jpg\" class=\"attachment-facebook\" alt=\"\" decoding=\"async\" loading=\"lazy\" title=\"Post_Merger_Integration2\" srcset=\"https:\/\/gibbriver.com\/wp-content\/uploads\/2014\/06\/Post_Merger_Integration2.jpg 80w, https:\/\/gibbriver.com\/wp-content\/uploads\/2014\/06\/Post_Merger_Integration2-60x60.jpg 60w, https:\/\/gibbriver.com\/wp-content\/uploads\/2014\/06\/Post_Merger_Integration2-75x75.jpg 75w, https:\/\/gibbriver.com\/wp-content\/uploads\/2014\/06\/Post_Merger_Integration2-40x40.jpg 40w\" sizes=\"(max-width: 80px) 100vw, 80px\" \/><div class=\"testimonial-content\"><p>Wir entwickelten einen detaillierten Integrationsplan f\u00fcr zwei Gesch\u00e4ftsbereiche eines Luftfahrtdienstleistungskonzerns, welcher j\u00e4hrliche Einsparungen in zweistelliger Millionenh\u00f6he vorsah und anschlie\u00dfend in der Umsetzung auch erzielte.<\/p><\/div><p class=\"testimonial-desc\"><span class=\"testimonial-details\"><span class=\"testimonial-name\"><\/span><span class=\"testimonial-company\"><\/span><\/span><\/p><\/div>[\/vc_column][\/vc_row]<\/p>\n<\/section>","protected":false},"excerpt":{"rendered":"<p>[vc_row][vc_column width=&#8220;2\/3&#8243;][vc_column_text]Unsere Arbeit im Post-Merger-Integration-Bereich unterst\u00fctzt unsere Kunden bei der Entwicklung und Umsetzung von Integrationspl\u00e4nen, die die Synergien der Unternehmenskombination realisieren. Wie bei all unseren Projekten kommt auch bei der Post-Merger-Integration ein strukturierter Ansatz zum Einsatz, wobei wir aber nie au\u00dfer Acht lassen, dass jede Kundensituation ein individuell ma\u00dfgeschneidertes Konzept erfordert: Wir unterst\u00fctzen unsere Kunden bei der Festlegung des Zeithorizontes f\u00fcr die Integration und entwickeln einen detaillierten Integrationsplan. Detaillierte Integrationspl\u00e4ne werden auch f\u00fcr jeden Funktionsbereich festgelegt. Die Zusammenarbeit mit jedem Funktionsbereich erm\u00f6glicht es uns, wichtige Interdependenzen zu erkennen, die sonst u. U. \u00fcbersehen werden k\u00f6nnten. Wir bauen das Post-Merger Integration [&hellip;]<\/p>\n","protected":false},"author":1,"featured_media":0,"parent":0,"menu_order":0,"comment_status":"open","ping_status":"open","template":"","meta":[],"_links":{"self":[{"href":"https:\/\/gibbriver.com\/de\/wp-json\/wp\/v2\/pages\/3952"}],"collection":[{"href":"https:\/\/gibbriver.com\/de\/wp-json\/wp\/v2\/pages"}],"about":[{"href":"https:\/\/gibbriver.com\/de\/wp-json\/wp\/v2\/types\/page"}],"author":[{"embeddable":true,"href":"https:\/\/gibbriver.com\/de\/wp-json\/wp\/v2\/users\/1"}],"replies":[{"embeddable":true,"href":"https:\/\/gibbriver.com\/de\/wp-json\/wp\/v2\/comments?post=3952"}],"version-history":[{"count":3,"href":"https:\/\/gibbriver.com\/de\/wp-json\/wp\/v2\/pages\/3952\/revisions"}],"predecessor-version":[{"id":4397,"href":"https:\/\/gibbriver.com\/de\/wp-json\/wp\/v2\/pages\/3952\/revisions\/4397"}],"wp:attachment":[{"href":"https:\/\/gibbriver.com\/de\/wp-json\/wp\/v2\/media?parent=3952"}],"curies":[{"name":"wp","href":"https:\/\/api.w.org\/{rel}","templated":true}]}}