{"id":3954,"date":"2014-06-26T21:38:13","date_gmt":"2014-06-26T21:38:13","guid":{"rendered":"http:\/\/gibbriver.com\/?page_id=3954"},"modified":"2014-07-17T17:29:40","modified_gmt":"2014-07-17T17:29:40","slug":"opportunitatsanalyse-im-rahmen-der-due-diligence","status":"publish","type":"page","link":"https:\/\/gibbriver.com\/de\/opportunitatsanalyse-im-rahmen-der-due-diligence\/","title":{"rendered":"Opportunit\u00e4tsanalyse im Rahmen der Due Diligence"},"content":{"rendered":"<section class=\"wpb-content-wrapper\"><p>[vc_row][vc_column width=&#8220;2\/3&#8243;]<div class=\"landing-title left wpb_content_element\"><h3 class=\"landing-title-tag\" style=\"font-size:22px;\">Opportunit\u00e4tsanalyse im Rahmen der Due Diligence<\/h3>[vc_text_separator style=\"\" color=\"grey\" accent_color=\"#dddddd\" el_width=\"fixed\" el_class=\"\"]<\/div>[vc_column_text]Neben traditionellen Due-Diligence-Dienstleistern, wie z.B. Wirtschafts-pr\u00fcfungsgesellschaften, stellt The Gibb River Group einen weiteren <strong>wichtigen Baustein des Due-Diligence-Prozesses<\/strong> dar. Zusammen mit unseren Kunden entwickeln wir <strong>Pl\u00e4ne zur kurz- und langfristigen Wertsteigerung zugekaufter Unternehmen<\/strong>. Typischerweise stellen wir hierbei einen 100-Tage-Plan sowie einen l\u00e4ngerfristigen, ein bis zwei Jahre umfassenden, Wertsteigerungsplan zusammen, der Initiativen, wie z.B. die <strong><span style=\"color: #464646;\"><a href=\"http:\/\/gibbriver.com\/de\/entwicklung-und-umsetzung-von-einkaufsstrategien\/\"><span style=\"color: #464646;\">Entwicklung und Umsetzung innovativer Einkaufsstrategien<\/span><\/a><\/span><\/strong>, <span style=\"color: #464646;\"><strong><a href=\"http:\/\/gibbriver.com\/de\/ganzheitlicher-ansatz-zur-drastischen-reduzierung-von-produktkosten\/\"><span style=\"color: #464646;\">einen ganzheitlichen Ansatz zur drastischen Reduzierung von Produktkosten (Breakthrough Cost Reduction, BCR)<\/span><\/a><\/strong>\u00a0<\/span> und die<strong> <span style=\"color: #464646;\"><a href=\"http:\/\/gibbriver.com\/de\/steigerung-der-effizienz-von-prozessen\/\"><span style=\"color: #464646;\">Steigerung der Effizienz von Prozessen<\/span><\/a><\/span><\/strong>\u00a0umfasst.<\/p>\n<p>Dabei legen wir Wert darauf, dass die Perspektiven der jeweiligen Entwicklungs-, Einkaufs-, Fertigungs- und Marketingteams sowie die des Ingenieurwesens ber\u00fccksichtigt werden.<\/p>\n<p>Gerne arbeiten wir dann auch mit den jeweiligen Managementteams an der <strong>Umsetzung<\/strong> der Wertsteigerungspl\u00e4ne \u2013 ganz nach den W\u00fcnschen unserer Kunden.[\/vc_column_text][\/vc_column][vc_column width=&#8220;1\/3&#8243;][layerslider_vc id=&#8220;15&#8243;][\/vc_column][\/vc_row][vc_row][vc_column]<div class=\"space\" style=\"height:50px;\"><\/div>[\/vc_column][\/vc_row][vc_row][vc_column width=&#8220;1\/1&#8243;][vc_text_separator title=&#8220;Ausgew\u00e4hlte Projektbeschreibungen&#8220; title_align=&#8220;separator_align_center&#8220; color=&#8220;grey&#8220; icon_awesome=&#8220;android&#8220; icon_metrize=&#8220;waves&#8220; size=&#8220;20&#8243; icon_color=&#8220;#ff6600&#8243;]<div class=\"testimonial2 wpb_content_element\"><img width=\"80\" height=\"80\" src=\"https:\/\/gibbriver.com\/wp-content\/uploads\/2014\/06\/212success-stories-stackj.jpg\" class=\"attachment-facebook\" alt=\"\" decoding=\"async\" loading=\"lazy\" title=\"212success-stories-stackj\" srcset=\"https:\/\/gibbriver.com\/wp-content\/uploads\/2014\/06\/212success-stories-stackj.jpg 80w, https:\/\/gibbriver.com\/wp-content\/uploads\/2014\/06\/212success-stories-stackj-60x60.jpg 60w, https:\/\/gibbriver.com\/wp-content\/uploads\/2014\/06\/212success-stories-stackj-75x75.jpg 75w, https:\/\/gibbriver.com\/wp-content\/uploads\/2014\/06\/212success-stories-stackj-40x40.jpg 40w\" sizes=\"(max-width: 80px) 100vw, 80px\" \/><div class=\"testimonial-content\"><p>F\u00fcr den zuk\u00fcnftigen Gesch\u00e4ftsf\u00fchrer einer Unternehmenssparte, die aus einem Gro\u00dfkonzern herausgel\u00f6st werden sollte, f\u00fchrten wir eine Due Diligence durch, welche die zuk\u00fcnftige Unternehmensstrategie und Profitabilit\u00e4tssteigerungen zum Gegenstand hatte. <\/p><\/div><p class=\"testimonial-desc\"><span class=\"testimonial-details\"><span class=\"testimonial-name\"><\/span><span class=\"testimonial-company\"><\/span><\/span><\/p><\/div><div class=\"testimonial2 wpb_content_element\"><img width=\"80\" height=\"80\" src=\"https:\/\/gibbriver.com\/wp-content\/uploads\/2014\/06\/Operational_Due_Diligence2.jpg\" class=\"attachment-facebook\" alt=\"\" decoding=\"async\" loading=\"lazy\" title=\"Operational Due Diligence\" srcset=\"https:\/\/gibbriver.com\/wp-content\/uploads\/2014\/06\/Operational_Due_Diligence2.jpg 80w, https:\/\/gibbriver.com\/wp-content\/uploads\/2014\/06\/Operational_Due_Diligence2-60x60.jpg 60w, https:\/\/gibbriver.com\/wp-content\/uploads\/2014\/06\/Operational_Due_Diligence2-75x75.jpg 75w, https:\/\/gibbriver.com\/wp-content\/uploads\/2014\/06\/Operational_Due_Diligence2-40x40.jpg 40w\" sizes=\"(max-width: 80px) 100vw, 80px\" \/><div class=\"testimonial-content\"><p>Wir f\u00fchrten eine detaillierte strategische und operative Due Diligence f\u00fcr die Investorengruppe einer Logistikfirma im pazifischen Raum durch, an deren Ende ein solider Mehrjahresplan zur Verdoppelung des Unternehmenswertes stand.<\/p><\/div><p class=\"testimonial-desc\"><span class=\"testimonial-details\"><span class=\"testimonial-name\"><\/span><span class=\"testimonial-company\"><\/span><\/span><\/p><\/div>[\/vc_column][\/vc_row]<\/p>\n<\/section>","protected":false},"excerpt":{"rendered":"<p>[vc_row][vc_column width=&#8220;2\/3&#8243;][vc_column_text]Neben traditionellen Due-Diligence-Dienstleistern, wie z.B. Wirtschafts-pr\u00fcfungsgesellschaften, stellt The Gibb River Group einen weiteren wichtigen Baustein des Due-Diligence-Prozesses dar. Zusammen mit unseren Kunden entwickeln wir Pl\u00e4ne zur kurz- und langfristigen Wertsteigerung zugekaufter Unternehmen. Typischerweise stellen wir hierbei einen 100-Tage-Plan sowie einen l\u00e4ngerfristigen, ein bis zwei Jahre umfassenden, Wertsteigerungsplan zusammen, der Initiativen, wie z.B. die Entwicklung und Umsetzung innovativer Einkaufsstrategien, einen ganzheitlichen Ansatz zur drastischen Reduzierung von Produktkosten (Breakthrough Cost Reduction, BCR)\u00a0 und die Steigerung der Effizienz von Prozessen\u00a0umfasst. Dabei legen wir Wert darauf, dass die Perspektiven der jeweiligen Entwicklungs-, Einkaufs-, Fertigungs- und Marketingteams sowie die des Ingenieurwesens ber\u00fccksichtigt werden. Gerne [&hellip;]<\/p>\n","protected":false},"author":1,"featured_media":0,"parent":0,"menu_order":0,"comment_status":"open","ping_status":"closed","template":"","meta":[],"_links":{"self":[{"href":"https:\/\/gibbriver.com\/de\/wp-json\/wp\/v2\/pages\/3954"}],"collection":[{"href":"https:\/\/gibbriver.com\/de\/wp-json\/wp\/v2\/pages"}],"about":[{"href":"https:\/\/gibbriver.com\/de\/wp-json\/wp\/v2\/types\/page"}],"author":[{"embeddable":true,"href":"https:\/\/gibbriver.com\/de\/wp-json\/wp\/v2\/users\/1"}],"replies":[{"embeddable":true,"href":"https:\/\/gibbriver.com\/de\/wp-json\/wp\/v2\/comments?post=3954"}],"version-history":[{"count":11,"href":"https:\/\/gibbriver.com\/de\/wp-json\/wp\/v2\/pages\/3954\/revisions"}],"predecessor-version":[{"id":4411,"href":"https:\/\/gibbriver.com\/de\/wp-json\/wp\/v2\/pages\/3954\/revisions\/4411"}],"wp:attachment":[{"href":"https:\/\/gibbriver.com\/de\/wp-json\/wp\/v2\/media?parent=3954"}],"curies":[{"name":"wp","href":"https:\/\/api.w.org\/{rel}","templated":true}]}}