{"id":3956,"date":"2014-06-26T21:46:02","date_gmt":"2014-06-26T21:46:02","guid":{"rendered":"http:\/\/gibbriver.com\/?page_id=3956"},"modified":"2014-07-17T17:30:29","modified_gmt":"2014-07-17T17:30:29","slug":"strategie-und-internationale-markterschliesung","status":"publish","type":"page","link":"https:\/\/gibbriver.com\/de\/strategie-und-internationale-markterschliesung\/","title":{"rendered":"Strategie und internationale Markterschlie\u00dfung"},"content":{"rendered":"<section class=\"wpb-content-wrapper\"><p>[vc_row][vc_column width=&#8220;2\/3&#8243;]<div class=\"landing-title left wpb_content_element\"><h3 class=\"landing-title-tag\" style=\"font-size:22px;\">Strategie und internationale Markterschlie\u00dfung<\/h3>[vc_text_separator style=\"\" color=\"grey\" accent_color=\"#dddddd\" el_width=\"fixed\" el_class=\"\"]<\/div>[vc_column_text]Wir decken ein <strong>breites Spektrum an strategischen Fragestellungen<\/strong> ab, von Markteintrittsstrategien bis hin zur Identifikation potentieller Akquisitionskandidaten. Bei diesen Themen k\u00f6nnen wir auf unser weit gespanntes, <strong>globales Netzwerk<\/strong> zur\u00fcckgreifen, welches wir bei Bedarf durch <strong>Experten<\/strong> auf verschiedensten Gebieten erg\u00e4nzen k\u00f6nnen, die relevante Marktdaten und Einsch\u00e4tzungen liefern.[\/vc_column_text][\/vc_column][vc_column width=&#8220;1\/3&#8243;][layerslider_vc id=&#8220;16&#8243;][\/vc_column][\/vc_row][vc_row][vc_column]<div class=\"space\" style=\"height:50px;\"><\/div>[\/vc_column][\/vc_row][vc_row][vc_column width=&#8220;1\/1&#8243;][vc_text_separator title=&#8220;Ausgew\u00e4hlte Projektbeschreibungen&#8220; title_align=&#8220;separator_align_center&#8220; color=&#8220;grey&#8220; icon_awesome=&#8220;android&#8220; icon_metrize=&#8220;waves&#8220; size=&#8220;20&#8243; icon_color=&#8220;#ff6600&#8243;]<div class=\"testimonial2 wpb_content_element\"><img width=\"80\" height=\"80\" src=\"https:\/\/gibbriver.com\/wp-content\/uploads\/2014\/06\/Strategy1.jpg\" class=\"attachment-facebook\" alt=\"\" decoding=\"async\" loading=\"lazy\" title=\"Strategy\" srcset=\"https:\/\/gibbriver.com\/wp-content\/uploads\/2014\/06\/Strategy1.jpg 80w, https:\/\/gibbriver.com\/wp-content\/uploads\/2014\/06\/Strategy1-60x60.jpg 60w, https:\/\/gibbriver.com\/wp-content\/uploads\/2014\/06\/Strategy1-75x75.jpg 75w, https:\/\/gibbriver.com\/wp-content\/uploads\/2014\/06\/Strategy1-40x40.jpg 40w\" sizes=\"(max-width: 80px) 100vw, 80px\" \/><div class=\"testimonial-content\"><p>Wir analysierten die Expansionsoptionen in \u00fcber 10 L\u00e4ndern f\u00fcr ein f\u00fchrendes Dienstleistungsunternehmen im Gesundheitssektor und arbeiteten mit dem Vorstand einen Konsens \u00fcber die daraus resultierenden Priorit\u00e4ten heraus. <\/p><\/div><p class=\"testimonial-desc\"><span class=\"testimonial-details\"><span class=\"testimonial-name\"><\/span><span class=\"testimonial-company\"><\/span><\/span><\/p><\/div><div class=\"testimonial2 wpb_content_element\"><img width=\"80\" height=\"80\" src=\"https:\/\/gibbriver.com\/wp-content\/uploads\/2014\/06\/Strategy2ajpg.jpg\" class=\"attachment-facebook\" alt=\"\" decoding=\"async\" loading=\"lazy\" title=\"Strategy2ajpg\" srcset=\"https:\/\/gibbriver.com\/wp-content\/uploads\/2014\/06\/Strategy2ajpg.jpg 80w, https:\/\/gibbriver.com\/wp-content\/uploads\/2014\/06\/Strategy2ajpg-60x60.jpg 60w, https:\/\/gibbriver.com\/wp-content\/uploads\/2014\/06\/Strategy2ajpg-75x75.jpg 75w, https:\/\/gibbriver.com\/wp-content\/uploads\/2014\/06\/Strategy2ajpg-40x40.jpg 40w\" sizes=\"(max-width: 80px) 100vw, 80px\" \/><div class=\"testimonial-content\"><p>Mit dem Topmanagement eines Konsumg\u00fcterunternehmens entwickelten wir zwei Wachstumsgesch\u00e4fte in verwandten Marktsegmenten, die unserem Kunden eine Umsatzsteigerung von \u00fcber 30% in den n\u00e4chsten Jahren brachte.<\/p><\/div><p class=\"testimonial-desc\"><span class=\"testimonial-details\"><span class=\"testimonial-name\"><\/span><span class=\"testimonial-company\"><\/span><\/span><\/p><\/div><div class=\"testimonial2 wpb_content_element\"><img width=\"80\" height=\"80\" src=\"https:\/\/gibbriver.com\/wp-content\/uploads\/2014\/06\/Strategy3a.jpg\" class=\"attachment-facebook\" alt=\"\" decoding=\"async\" loading=\"lazy\" title=\"Strategy3a\" srcset=\"https:\/\/gibbriver.com\/wp-content\/uploads\/2014\/06\/Strategy3a.jpg 80w, https:\/\/gibbriver.com\/wp-content\/uploads\/2014\/06\/Strategy3a-60x60.jpg 60w, https:\/\/gibbriver.com\/wp-content\/uploads\/2014\/06\/Strategy3a-75x75.jpg 75w, https:\/\/gibbriver.com\/wp-content\/uploads\/2014\/06\/Strategy3a-40x40.jpg 40w\" sizes=\"(max-width: 80px) 100vw, 80px\" \/><div class=\"testimonial-content\"><p>Unser Team stellte eine Liste von potenziellen Akquisitionskandidaten f\u00fcr einen Kunden in der Luftfahrtbranche zusammen und priorisierte diese zusammen mit dem Bereichsvorstand nach gemeinsam erarbeiteten Kriterien.<\/p><\/div><p class=\"testimonial-desc\"><span class=\"testimonial-details\"><span class=\"testimonial-name\"><\/span><span class=\"testimonial-company\"><\/span><\/span><\/p><\/div>[\/vc_column][\/vc_row]<\/p>\n<\/section>","protected":false},"excerpt":{"rendered":"<p>[vc_row][vc_column width=&#8220;2\/3&#8243;][vc_column_text]Wir decken ein breites Spektrum an strategischen Fragestellungen ab, von Markteintrittsstrategien bis hin zur Identifikation potentieller Akquisitionskandidaten. Bei diesen Themen k\u00f6nnen wir auf unser weit gespanntes, globales Netzwerk zur\u00fcckgreifen, welches wir bei Bedarf durch Experten auf verschiedensten Gebieten erg\u00e4nzen k\u00f6nnen, die relevante Marktdaten und Einsch\u00e4tzungen liefern.[\/vc_column_text][\/vc_column][vc_column width=&#8220;1\/3&#8243;][layerslider_vc id=&#8220;16&#8243;][\/vc_column][\/vc_row][vc_row][vc_column][\/vc_column][\/vc_row][vc_row][vc_column width=&#8220;1\/1&#8243;][vc_text_separator title=&#8220;Ausgew\u00e4hlte Projektbeschreibungen&#8220; title_align=&#8220;separator_align_center&#8220; color=&#8220;grey&#8220; icon_awesome=&#8220;android&#8220; icon_metrize=&#8220;waves&#8220; size=&#8220;20&#8243; icon_color=&#8220;#ff6600&#8243;][\/vc_column][\/vc_row]<\/p>\n","protected":false},"author":1,"featured_media":0,"parent":0,"menu_order":0,"comment_status":"open","ping_status":"closed","template":"","meta":[],"_links":{"self":[{"href":"https:\/\/gibbriver.com\/de\/wp-json\/wp\/v2\/pages\/3956"}],"collection":[{"href":"https:\/\/gibbriver.com\/de\/wp-json\/wp\/v2\/pages"}],"about":[{"href":"https:\/\/gibbriver.com\/de\/wp-json\/wp\/v2\/types\/page"}],"author":[{"embeddable":true,"href":"https:\/\/gibbriver.com\/de\/wp-json\/wp\/v2\/users\/1"}],"replies":[{"embeddable":true,"href":"https:\/\/gibbriver.com\/de\/wp-json\/wp\/v2\/comments?post=3956"}],"version-history":[{"count":4,"href":"https:\/\/gibbriver.com\/de\/wp-json\/wp\/v2\/pages\/3956\/revisions"}],"predecessor-version":[{"id":4399,"href":"https:\/\/gibbriver.com\/de\/wp-json\/wp\/v2\/pages\/3956\/revisions\/4399"}],"wp:attachment":[{"href":"https:\/\/gibbriver.com\/de\/wp-json\/wp\/v2\/media?parent=3956"}],"curies":[{"name":"wp","href":"https:\/\/api.w.org\/{rel}","templated":true}]}}