{"id":3958,"date":"2014-06-26T21:57:20","date_gmt":"2014-06-26T21:57:20","guid":{"rendered":"http:\/\/gibbriver.com\/?page_id=3958"},"modified":"2018-06-25T21:57:42","modified_gmt":"2018-06-25T21:57:42","slug":"projekte","status":"publish","type":"page","link":"https:\/\/gibbriver.com\/de\/projekte\/","title":{"rendered":"Projekte"},"content":{"rendered":"<section class=\"wpb-content-wrapper\"><p>[vc_row][vc_column width=&#8220;1\/1&#8243;][vc_column_text]Das Team der Gibb River Group hat in den letzten 15 Jahren f\u00fcr Dutzende von Kunden erfolgreich gearbeitet. Auf dieser Seite beschreiben wir ein paar ausgew\u00e4hlte Projekte f\u00fcr Sie.[\/vc_column_text]<div class=\"space\" style=\"height:50px;\"><\/div>[\/vc_column][\/vc_row][vc_row][vc_column width=&#8220;1\/1&#8243;][vc_text_separator title=&#8220;Steigerung der Effizienz und Effektivit\u00e4t von Prozessen &#8220; title_align=&#8220;separator_align_center&#8220; color=&#8220;grey&#8220;]<div class=\"testimonial2 wpb_content_element\"><img width=\"80\" height=\"80\" src=\"https:\/\/gibbriver.com\/wp-content\/uploads\/2014\/06\/Ops-Efficiency1.jpg\" class=\"attachment-facebook\" alt=\"\" decoding=\"async\" loading=\"lazy\" title=\"Ops Efficiency\" srcset=\"https:\/\/gibbriver.com\/wp-content\/uploads\/2014\/06\/Ops-Efficiency1.jpg 80w, https:\/\/gibbriver.com\/wp-content\/uploads\/2014\/06\/Ops-Efficiency1-60x60.jpg 60w, https:\/\/gibbriver.com\/wp-content\/uploads\/2014\/06\/Ops-Efficiency1-75x75.jpg 75w, https:\/\/gibbriver.com\/wp-content\/uploads\/2014\/06\/Ops-Efficiency1-40x40.jpg 40w\" sizes=\"(max-width: 80px) 100vw, 80px\" \/><div class=\"testimonial-content\"><p>F\u00fcr einen Reiseveranstalter verbesserten wir eine Reihe von Prozessen, z.B. Buchungsabl\u00e4ufe, und reduzierten somit die Kosten um 10-20%+ bei gleichzeitig verbesserter Prozessqualit\u00e4t aus Kundensicht (USA, Europa, Nahost).<\/p><\/div><p class=\"testimonial-desc\"><span class=\"testimonial-details\"><span class=\"testimonial-name\"><\/span><span class=\"testimonial-company\"><\/span><\/span><\/p><\/div><div class=\"testimonial2 wpb_content_element\"><img width=\"80\" height=\"80\" src=\"https:\/\/gibbriver.com\/wp-content\/uploads\/2014\/06\/Ops-Efficiency2.jpg\" class=\"attachment-facebook\" alt=\"\" decoding=\"async\" loading=\"lazy\" title=\"Ops Efficiency\" srcset=\"https:\/\/gibbriver.com\/wp-content\/uploads\/2014\/06\/Ops-Efficiency2.jpg 80w, https:\/\/gibbriver.com\/wp-content\/uploads\/2014\/06\/Ops-Efficiency2-60x60.jpg 60w, https:\/\/gibbriver.com\/wp-content\/uploads\/2014\/06\/Ops-Efficiency2-75x75.jpg 75w, https:\/\/gibbriver.com\/wp-content\/uploads\/2014\/06\/Ops-Efficiency2-40x40.jpg 40w\" sizes=\"(max-width: 80px) 100vw, 80px\" \/><div class=\"testimonial-content\"><p>Unser Team optimierte die Produktionsprozesse eines europ\u00e4ischen Freizeitartikelherstellers, wobei wir die Kapazit\u00e4t um 30% ohne zus\u00e4tzliche Investitionen steigern konnten und die Fehlerquote in Teilbereichen der Fertigung um \u00fcber 50% reduzierten.<\/p><\/div><p class=\"testimonial-desc\"><span class=\"testimonial-details\"><span class=\"testimonial-name\"><\/span><span class=\"testimonial-company\"><\/span><\/span><\/p><\/div>[vc_column_text]<\/p>\n<div align=\"center\">Mehr dar\u00fcber, wie wir Ihnen helfen k\u00f6nnen, die Prozesseffizienz und -effektivit\u00e4t in Ihrem Unternehmen zu steigern, lesen Sie <span style=\"color: #263d96;\"><strong><a href=\"https:\/\/gibbriver.com\/de\/steigerung-der-effizienz-von-prozessen\/\"><span style=\"color: #263d96;\">hier<\/span><\/a><\/strong><\/span>.<\/div>\n<p>[\/vc_column_text]<div class=\"space\" style=\"height:75px;\"><\/div>[\/vc_column][\/vc_row][vc_row][vc_column width=&#8220;1\/1&#8243;][vc_text_separator title=&#8220;Kundenerlebnis&#8220; title_align=&#8220;separator_align_center&#8220; color=&#8220;grey&#8220;]<div class=\"testimonial2 wpb_content_element\"><img width=\"80\" height=\"80\" src=\"https:\/\/gibbriver.com\/wp-content\/uploads\/2018\/06\/car-rental.jpg\" class=\"attachment-facebook\" alt=\"\" decoding=\"async\" loading=\"lazy\" title=\"car-rental\" srcset=\"https:\/\/gibbriver.com\/wp-content\/uploads\/2018\/06\/car-rental.jpg 80w, https:\/\/gibbriver.com\/wp-content\/uploads\/2018\/06\/car-rental-60x60.jpg 60w, https:\/\/gibbriver.com\/wp-content\/uploads\/2018\/06\/car-rental-75x75.jpg 75w, https:\/\/gibbriver.com\/wp-content\/uploads\/2018\/06\/car-rental-40x40.jpg 40w\" sizes=\"(max-width: 80px) 100vw, 80px\" \/><div class=\"testimonial-content\"><p>Zusammen mit unserem Kunden entwickelten wir ein grundlegend neues Kundenerlebniskonzept f\u00fcr die Mietwagenbranche und setzten dieses ganzheitlich um: von der Definition aller operativen Abl\u00e4ufe \u00fcber \u00c4nderungen am IT-System bis hin zum Mitarbeitertraining und -coaching f\u00fcr das neue Konzept.<\/p><\/div><p class=\"testimonial-desc\"><span class=\"testimonial-details\"><span class=\"testimonial-name\"><\/span><span class=\"testimonial-company\"><\/span><\/span><\/p><\/div><div class=\"testimonial2 wpb_content_element\"><img width=\"80\" height=\"80\" src=\"https:\/\/gibbriver.com\/wp-content\/uploads\/2018\/06\/desk.jpg\" class=\"attachment-facebook\" alt=\"\" decoding=\"async\" loading=\"lazy\" title=\"desk\" srcset=\"https:\/\/gibbriver.com\/wp-content\/uploads\/2018\/06\/desk.jpg 80w, https:\/\/gibbriver.com\/wp-content\/uploads\/2018\/06\/desk-60x60.jpg 60w, https:\/\/gibbriver.com\/wp-content\/uploads\/2018\/06\/desk-75x75.jpg 75w, https:\/\/gibbriver.com\/wp-content\/uploads\/2018\/06\/desk-40x40.jpg 40w\" sizes=\"(max-width: 80px) 100vw, 80px\" \/><div class=\"testimonial-content\"><p>Wir \u00fcberholten das Kundenerlebnis einer f\u00fchrenden Mietwagenfirma von Grund auf, was zu einer massiven Steigerung des Net Promoter Score (NPS) f\u00fchrte. Dabei erreichten wir langfristig tragf\u00e4hige Verbesserungen der Kundenzufriedenheit durch ein Betriebsf\u00fchrungssystem (Daily Management System), das sich an kundenorientierten Kennzahlen orientiert, sowie durch intensives Coaching des Managements und der Mitarbeiter mit Kundenkontakt.<\/p><\/div><p class=\"testimonial-desc\"><span class=\"testimonial-details\"><span class=\"testimonial-name\"><\/span><span class=\"testimonial-company\"><\/span><\/span><\/p><\/div>[vc_column_text]<\/p>\n<div align=\"center\">Erfahren Sie <span style=\"color: #263d96;\"><strong><a href=\"https:\/\/gibbriver.com\/de\/kundenerlebnis\/\"><span style=\"color: #263d96;\">hier<\/span><\/a><\/strong><\/span> mehr dar\u00fcber, wie wir Ihnen helfen k\u00f6nnen, Ihr Kundenerlebnis drastisch und nachhaltig zu verbessern.<\/div>\n<p>[\/vc_column_text]<div class=\"space\" style=\"height:75px;\"><\/div>[\/vc_column][\/vc_row][vc_row][vc_column width=&#8220;1\/1&#8243;][vc_text_separator title=&#8220;Entwicklung und Umsetzung von Einkaufsstrategien&#8220; title_align=&#8220;separator_align_center&#8220; color=&#8220;grey&#8220; icon_awesome=&#8220;android&#8220; icon_metrize=&#8220;waves&#8220; size=&#8220;20&#8243; icon_color=&#8220;#ff6600&#8243;]<div class=\"testimonial2 wpb_content_element\"><img width=\"80\" height=\"80\" src=\"https:\/\/gibbriver.com\/wp-content\/uploads\/2014\/06\/Sourcing1.jpg\" class=\"attachment-facebook\" alt=\"\" decoding=\"async\" loading=\"lazy\" title=\"Strategic Sourcing\" srcset=\"https:\/\/gibbriver.com\/wp-content\/uploads\/2014\/06\/Sourcing1.jpg 80w, https:\/\/gibbriver.com\/wp-content\/uploads\/2014\/06\/Sourcing1-60x60.jpg 60w, https:\/\/gibbriver.com\/wp-content\/uploads\/2014\/06\/Sourcing1-75x75.jpg 75w, https:\/\/gibbriver.com\/wp-content\/uploads\/2014\/06\/Sourcing1-40x40.jpg 40w\" sizes=\"(max-width: 80px) 100vw, 80px\" \/><div class=\"testimonial-content\"><p>Wir entwickelten eine innovative, von der gesamten Branche beachtete Einkaufsstrategie f\u00fcr Flugbenzin und setzten diese in Verhandlungen mit Mineral\u00f6lkonzernen verschiedener Gr\u00f6\u00dfe f\u00fcr unseren Kunden um, der durch dieses Projekt seine Profitabilit\u00e4t deutlich steigern konnte.<\/p><\/div><p class=\"testimonial-desc\"><span class=\"testimonial-details\"><span class=\"testimonial-name\"><\/span><span class=\"testimonial-company\"><\/span><\/span><\/p><\/div><div class=\"testimonial2 wpb_content_element\"><img width=\"80\" height=\"80\" src=\"https:\/\/gibbriver.com\/wp-content\/uploads\/2014\/06\/sourcing2.jpg\" class=\"attachment-facebook\" alt=\"\" decoding=\"async\" loading=\"lazy\" title=\"sourcing2\" srcset=\"https:\/\/gibbriver.com\/wp-content\/uploads\/2014\/06\/sourcing2.jpg 80w, https:\/\/gibbriver.com\/wp-content\/uploads\/2014\/06\/sourcing2-60x60.jpg 60w, https:\/\/gibbriver.com\/wp-content\/uploads\/2014\/06\/sourcing2-75x75.jpg 75w, https:\/\/gibbriver.com\/wp-content\/uploads\/2014\/06\/sourcing2-40x40.jpg 40w\" sizes=\"(max-width: 80px) 100vw, 80px\" \/><div class=\"testimonial-content\"><p>Unser Team half einem Kunden hochgesteckte Einsparziele im Einkauf von indirekten G\u00fctern und Dienstleistungen zu erzielen. Dabei arbeiteten wir mit Tochtergesellschaften auf mehreren Kontinenten erfolgreich zusammen (Europa, USA, Australien, Neuseeland).<\/p><\/div><p class=\"testimonial-desc\"><span class=\"testimonial-details\"><span class=\"testimonial-name\"><\/span><span class=\"testimonial-company\"><\/span><\/span><\/p><\/div>[vc_column_text]<\/p>\n<p style=\"text-align: center;\">Lesen Sie <a href=\"http:\/\/gibbriver.com\/de\/entwicklung-und-umsetzung-von-einkaufsstrategien\/\"><strong>hier<\/strong><\/a>, wie unsere innovativen Einkaufsstrategien Ihre Kosten deutlich senken k\u00f6nnen.<\/p>\n<p>[\/vc_column_text]<div class=\"space\" style=\"height:75px;\"><\/div>[\/vc_column][\/vc_row][vc_row][vc_column][vc_column_text][\/vc_column_text][vc_text_separator title=&#8220;Ganzheitlicher Ansatz zur drastischen Reduzierung von Produktkosten&#8220; title_align=&#8220;separator_align_center&#8220; color=&#8220;grey&#8220; icon_awesome=&#8220;android&#8220; icon_metrize=&#8220;waves&#8220; size=&#8220;20&#8243; icon_color=&#8220;#ff6600&#8243;][\/vc_column][\/vc_row][vc_row][vc_column width=&#8220;1\/1&#8243;]<div class=\"testimonial2 wpb_content_element\"><img width=\"80\" height=\"80\" src=\"https:\/\/gibbriver.com\/wp-content\/uploads\/2014\/06\/bcr1.jpg\" class=\"attachment-facebook\" alt=\"\" decoding=\"async\" loading=\"lazy\" title=\"BCR\" srcset=\"https:\/\/gibbriver.com\/wp-content\/uploads\/2014\/06\/bcr1.jpg 80w, https:\/\/gibbriver.com\/wp-content\/uploads\/2014\/06\/bcr1-60x60.jpg 60w, https:\/\/gibbriver.com\/wp-content\/uploads\/2014\/06\/bcr1-75x75.jpg 75w, https:\/\/gibbriver.com\/wp-content\/uploads\/2014\/06\/bcr1-40x40.jpg 40w\" sizes=\"(max-width: 80px) 100vw, 80px\" \/><div class=\"testimonial-content\"><p>Durch eine Kombination des Design-to-Cost-Ansatzes mit der Erschlie\u00dfung von neuen Zulieferern in Asien erzielten wir Einsparungen von 30-40+% bei komplexen Investitionsg\u00fctern (USA, Europa, Asien).<\/p><\/div><p class=\"testimonial-desc\"><span class=\"testimonial-details\"><span class=\"testimonial-name\"><\/span><span class=\"testimonial-company\"><\/span><\/span><\/p><\/div><div class=\"testimonial2 wpb_content_element\"><img width=\"80\" height=\"80\" src=\"https:\/\/gibbriver.com\/wp-content\/uploads\/2014\/06\/bcr2.jpg\" class=\"attachment-facebook\" alt=\"\" decoding=\"async\" loading=\"lazy\" title=\"BCR\" srcset=\"https:\/\/gibbriver.com\/wp-content\/uploads\/2014\/06\/bcr2.jpg 80w, https:\/\/gibbriver.com\/wp-content\/uploads\/2014\/06\/bcr2-60x60.jpg 60w, https:\/\/gibbriver.com\/wp-content\/uploads\/2014\/06\/bcr2-75x75.jpg 75w, https:\/\/gibbriver.com\/wp-content\/uploads\/2014\/06\/bcr2-40x40.jpg 40w\" sizes=\"(max-width: 80px) 100vw, 80px\" \/><div class=\"testimonial-content\"><p>F\u00fcr einen der f\u00fchrenden Betreiber von Mietfahrradsystemen erzielten wir Einsparungen von mehreren Millionen Euro (&gt;40%) auf Fahrr\u00e4der und von \u00fcber 20% auf die Fahrradstationen. Dabei entwickelten wir zusammen mit unserem Kunden detaillierte Modelle der Herstellerkosten und setzten dieses Wissen in ein kosteneffizienteres Design und eine effektive Verhandlungsstrategie um. Au\u00dferdem identifizierten und qualifizierten wir einen zus\u00e4tzlichen Zulieferer in Lateinamerika (Europa, Lateinamerika).<\/p><\/div><p class=\"testimonial-desc\"><span class=\"testimonial-details\"><span class=\"testimonial-name\"><\/span><span class=\"testimonial-company\"><\/span><\/span><\/p><\/div>[vc_column_text]<\/p>\n<p style=\"text-align: center;\">Erfahren Sie <a href=\"http:\/\/gibbriver.com\/de\/ganzheitlicher-ansatz-zur-drastischen-reduzierung-von-produktkosten\/\"><strong>hier<\/strong> <\/a>mehr \u00fcber unsere Breakthrough-Cost-Reduction (BCR)-Methodik.<\/p>\n<p>[\/vc_column_text]<div class=\"space\" style=\"height:75px;\"><\/div>[\/vc_column][\/vc_row][vc_row][vc_column width=&#8220;1\/1&#8243;][vc_text_separator title=&#8220;Organisationsdesign&#8220; title_align=&#8220;separator_align_center&#8220; color=&#8220;grey&#8220; icon_awesome=&#8220;android&#8220; icon_metrize=&#8220;waves&#8220; size=&#8220;20&#8243; icon_color=&#8220;#ff6600&#8243;]<div class=\"testimonial2 wpb_content_element\"><img width=\"80\" height=\"80\" src=\"https:\/\/gibbriver.com\/wp-content\/uploads\/2014\/06\/Organizational_Design.jpg\" class=\"attachment-facebook\" alt=\"\" decoding=\"async\" loading=\"lazy\" title=\"Organizational_Design\" srcset=\"https:\/\/gibbriver.com\/wp-content\/uploads\/2014\/06\/Organizational_Design.jpg 80w, https:\/\/gibbriver.com\/wp-content\/uploads\/2014\/06\/Organizational_Design-60x60.jpg 60w, https:\/\/gibbriver.com\/wp-content\/uploads\/2014\/06\/Organizational_Design-75x75.jpg 75w, https:\/\/gibbriver.com\/wp-content\/uploads\/2014\/06\/Organizational_Design-40x40.jpg 40w\" sizes=\"(max-width: 80px) 100vw, 80px\" \/><div class=\"testimonial-content\"><p>F\u00fcr den Vorstand eines global t\u00e4tigen Dienstleistungsunternehmens identifizierten wir Kosteneinsparungen in H\u00f6he von 10-15% des Jahresgewinnes durch eine detaillierte Analyse aller Organisationsstrukturen und -prozesse bei gleichzeitiger Steigerung der Qualit\u00e4t interner Dienstleistungen.<\/p><\/div><p class=\"testimonial-desc\"><span class=\"testimonial-details\"><span class=\"testimonial-name\"><\/span><span class=\"testimonial-company\"><\/span><\/span><\/p><\/div>[vc_column_text]<\/p>\n<p style=\"text-align: center;\">Erfahren Sie <a href=\"http:\/\/gibbriver.com\/de\/organisationsdesign\/\"><strong>hier<\/strong> <\/a>mehr \u00fcber unsere Ans\u00e4tze zum Organisationsdesign.<\/p>\n<p>[\/vc_column_text]<div class=\"space\" style=\"height:75px;\"><\/div>[\/vc_column][\/vc_row][vc_row][vc_column width=&#8220;1\/1&#8243;][vc_text_separator title=&#8220;Post-Merger-Integration&#8220; title_align=&#8220;separator_align_center&#8220; color=&#8220;grey&#8220; icon_awesome=&#8220;android&#8220; icon_metrize=&#8220;waves&#8220; size=&#8220;20&#8243; icon_color=&#8220;#ff6600&#8243;]<div class=\"testimonial2 wpb_content_element\"><img width=\"80\" height=\"80\" src=\"https:\/\/gibbriver.com\/wp-content\/uploads\/2014\/06\/Post_Merger_Integration2.jpg\" class=\"attachment-facebook\" alt=\"\" decoding=\"async\" loading=\"lazy\" title=\"Post_Merger_Integration2\" srcset=\"https:\/\/gibbriver.com\/wp-content\/uploads\/2014\/06\/Post_Merger_Integration2.jpg 80w, https:\/\/gibbriver.com\/wp-content\/uploads\/2014\/06\/Post_Merger_Integration2-60x60.jpg 60w, https:\/\/gibbriver.com\/wp-content\/uploads\/2014\/06\/Post_Merger_Integration2-75x75.jpg 75w, https:\/\/gibbriver.com\/wp-content\/uploads\/2014\/06\/Post_Merger_Integration2-40x40.jpg 40w\" sizes=\"(max-width: 80px) 100vw, 80px\" \/><div class=\"testimonial-content\"><p>Wir entwickelten einen detaillierten Integrationsplan f\u00fcr zwei Gesch\u00e4ftsbereiche eines Luftfahrtdienstleistungskonzerns, welcher j\u00e4hrliche Einsparungen in zweistelliger Millionenh\u00f6he vorsah und anschlie\u00dfend in der Umsetzung auch erzielte<\/p><\/div><p class=\"testimonial-desc\"><span class=\"testimonial-details\"><span class=\"testimonial-name\"><\/span><span class=\"testimonial-company\"><\/span><\/span><\/p><\/div>[vc_column_text]<\/p>\n<p style=\"text-align: center;\">Wie wir Post-Merger-Integrationsprojekte angehen, k\u00f6nnen Sie <a href=\"http:\/\/gibbriver.com\/de\/post-merger-integration-2\/\"><strong>hier<\/strong><\/a> lesen.<\/p>\n<p>[\/vc_column_text]<div class=\"space\" style=\"height:75px;\"><\/div>[\/vc_column][\/vc_row][vc_row][vc_column width=&#8220;1\/1&#8243;][vc_text_separator title=&#8220;Opportunit\u00e4tsanalyse im Rahmen der Due Diligence&#8220; title_align=&#8220;separator_align_center&#8220; color=&#8220;grey&#8220; icon_awesome=&#8220;android&#8220; icon_metrize=&#8220;waves&#8220; size=&#8220;20&#8243; icon_color=&#8220;#ff6600&#8243;]<div class=\"testimonial2 wpb_content_element\"><img width=\"80\" height=\"80\" src=\"https:\/\/gibbriver.com\/wp-content\/uploads\/2014\/06\/212success-stories-stackj.jpg\" class=\"attachment-facebook\" alt=\"\" decoding=\"async\" loading=\"lazy\" title=\"212success-stories-stackj\" srcset=\"https:\/\/gibbriver.com\/wp-content\/uploads\/2014\/06\/212success-stories-stackj.jpg 80w, https:\/\/gibbriver.com\/wp-content\/uploads\/2014\/06\/212success-stories-stackj-60x60.jpg 60w, https:\/\/gibbriver.com\/wp-content\/uploads\/2014\/06\/212success-stories-stackj-75x75.jpg 75w, https:\/\/gibbriver.com\/wp-content\/uploads\/2014\/06\/212success-stories-stackj-40x40.jpg 40w\" sizes=\"(max-width: 80px) 100vw, 80px\" \/><div class=\"testimonial-content\"><p>F\u00fcr den zuk\u00fcnftigen Gesch\u00e4ftsf\u00fchrer einer Unternehmenssparte, die aus einem Gro\u00dfkonzern herausgel\u00f6st werden sollte, f\u00fchrten wir eine Due Diligence durch, welche die zuk\u00fcnftige Unternehmensstrategie und Profitabilit\u00e4tssteigerungen zum Gegenstand hatte. <\/p><\/div><p class=\"testimonial-desc\"><span class=\"testimonial-details\"><span class=\"testimonial-name\"><\/span><span class=\"testimonial-company\"><\/span><\/span><\/p><\/div><div class=\"testimonial2 wpb_content_element\"><img width=\"80\" height=\"80\" src=\"https:\/\/gibbriver.com\/wp-content\/uploads\/2014\/06\/Operational_Due_Diligence2.jpg\" class=\"attachment-facebook\" alt=\"\" decoding=\"async\" loading=\"lazy\" title=\"Operational Due Diligence\" srcset=\"https:\/\/gibbriver.com\/wp-content\/uploads\/2014\/06\/Operational_Due_Diligence2.jpg 80w, https:\/\/gibbriver.com\/wp-content\/uploads\/2014\/06\/Operational_Due_Diligence2-60x60.jpg 60w, https:\/\/gibbriver.com\/wp-content\/uploads\/2014\/06\/Operational_Due_Diligence2-75x75.jpg 75w, https:\/\/gibbriver.com\/wp-content\/uploads\/2014\/06\/Operational_Due_Diligence2-40x40.jpg 40w\" sizes=\"(max-width: 80px) 100vw, 80px\" \/><div class=\"testimonial-content\"><p>Wir f\u00fchrten eine detaillierte strategische und operative Due Diligence f\u00fcr die Investorengruppe einer Logistikfirma im pazifischen Raum durch, an deren Ende ein solider Mehrjahresplan zur Verdoppelung des Unternehmenswertes stand.<\/p><\/div><p class=\"testimonial-desc\"><span class=\"testimonial-details\"><span class=\"testimonial-name\"><\/span><span class=\"testimonial-company\"><\/span><\/span><\/p><\/div>[vc_column_text]<\/p>\n<p style=\"text-align: center;\">Lesen Sie <a href=\"http:\/\/gibbriver.com\/de\/opportunitatsanalyse-im-rahmen-der-due-diligence\/\"><strong>hier<\/strong><\/a>, wie unsere Due-Diligence-Dienstleistungen den Wert Ihres Unternehmens steigern.<\/p>\n<p>[\/vc_column_text]<div class=\"space\" style=\"height:75px;\"><\/div>[\/vc_column][\/vc_row][vc_row][vc_column width=&#8220;1\/1&#8243;][vc_text_separator title=&#8220;Strategie und internationale Markterschlie\u00dfung&#8220; title_align=&#8220;separator_align_center&#8220; color=&#8220;grey&#8220; icon_awesome=&#8220;android&#8220; icon_metrize=&#8220;waves&#8220; size=&#8220;20&#8243; icon_color=&#8220;#ff6600&#8243;]<div class=\"testimonial2 wpb_content_element\"><img width=\"80\" height=\"80\" src=\"https:\/\/gibbriver.com\/wp-content\/uploads\/2014\/06\/Strategy1.jpg\" class=\"attachment-facebook\" alt=\"\" decoding=\"async\" loading=\"lazy\" title=\"Strategy\" srcset=\"https:\/\/gibbriver.com\/wp-content\/uploads\/2014\/06\/Strategy1.jpg 80w, https:\/\/gibbriver.com\/wp-content\/uploads\/2014\/06\/Strategy1-60x60.jpg 60w, https:\/\/gibbriver.com\/wp-content\/uploads\/2014\/06\/Strategy1-75x75.jpg 75w, https:\/\/gibbriver.com\/wp-content\/uploads\/2014\/06\/Strategy1-40x40.jpg 40w\" sizes=\"(max-width: 80px) 100vw, 80px\" \/><div class=\"testimonial-content\"><p>Wir analysierten die Expansionsoptionen in \u00fcber 10 L\u00e4ndern f\u00fcr ein f\u00fchrendes Dienstleistungsunternehmen im Gesundheitssektor und arbeiteten mit dem Vorstand einen Konsens \u00fcber die daraus resultierenden Priorit\u00e4ten heraus. <\/p><\/div><p class=\"testimonial-desc\"><span class=\"testimonial-details\"><span class=\"testimonial-name\"><\/span><span class=\"testimonial-company\"><\/span><\/span><\/p><\/div><div class=\"testimonial2 wpb_content_element\"><img width=\"80\" height=\"80\" src=\"https:\/\/gibbriver.com\/wp-content\/uploads\/2014\/06\/Strategy2ajpg.jpg\" class=\"attachment-facebook\" alt=\"\" decoding=\"async\" loading=\"lazy\" title=\"Strategy2ajpg\" srcset=\"https:\/\/gibbriver.com\/wp-content\/uploads\/2014\/06\/Strategy2ajpg.jpg 80w, https:\/\/gibbriver.com\/wp-content\/uploads\/2014\/06\/Strategy2ajpg-60x60.jpg 60w, https:\/\/gibbriver.com\/wp-content\/uploads\/2014\/06\/Strategy2ajpg-75x75.jpg 75w, https:\/\/gibbriver.com\/wp-content\/uploads\/2014\/06\/Strategy2ajpg-40x40.jpg 40w\" sizes=\"(max-width: 80px) 100vw, 80px\" \/><div class=\"testimonial-content\"><p>Mit dem Topmanagement eines Konsumg\u00fcterunternehmens entwickelten wir zwei Wachstumsgesch\u00e4fte in verwandten Marktsegmenten, die unserem Kunden eine Umsatzsteigerung von \u00fcber 30% in den n\u00e4chsten Jahren brachte.<\/p><\/div><p class=\"testimonial-desc\"><span class=\"testimonial-details\"><span class=\"testimonial-name\"><\/span><span class=\"testimonial-company\"><\/span><\/span><\/p><\/div><div class=\"testimonial2 wpb_content_element\"><img width=\"80\" height=\"80\" src=\"https:\/\/gibbriver.com\/wp-content\/uploads\/2014\/06\/Strategy3a.jpg\" class=\"attachment-facebook\" alt=\"\" decoding=\"async\" loading=\"lazy\" title=\"Strategy3a\" srcset=\"https:\/\/gibbriver.com\/wp-content\/uploads\/2014\/06\/Strategy3a.jpg 80w, https:\/\/gibbriver.com\/wp-content\/uploads\/2014\/06\/Strategy3a-60x60.jpg 60w, https:\/\/gibbriver.com\/wp-content\/uploads\/2014\/06\/Strategy3a-75x75.jpg 75w, https:\/\/gibbriver.com\/wp-content\/uploads\/2014\/06\/Strategy3a-40x40.jpg 40w\" sizes=\"(max-width: 80px) 100vw, 80px\" \/><div class=\"testimonial-content\"><p>Unser Team stellte eine Liste von potenziellen Akquisitionskandidaten f\u00fcr einen Kunden in der Luftfahrtbranche zusammen und priorisierte diese zusammen mit dem Bereichsvorstand nach gemeinsam erarbeiteten Kriterien.<\/p><\/div><p class=\"testimonial-desc\"><span class=\"testimonial-details\"><span class=\"testimonial-name\"><\/span><span class=\"testimonial-company\"><\/span><\/span><\/p><\/div>[vc_column_text]<\/p>\n<p style=\"text-align: center;\">Wie wir Sie bei strategischen Fragestellungen unterst\u00fctzen k\u00f6nnen, erfahren Sie <a href=\"http:\/\/gibbriver.com\/de\/strategie-und-internationale-markterschliesung\/\"><strong>hier<\/strong><\/a>.<\/p>\n<p>[\/vc_column_text]<div class=\"space\" style=\"height:75px;\"><\/div>[\/vc_column][\/vc_row]<\/p>\n<\/section>","protected":false},"excerpt":{"rendered":"<p>[vc_row][vc_column width=&#8220;1\/1&#8243;][vc_column_text]Das Team der Gibb River Group hat in den letzten 15 Jahren f\u00fcr Dutzende von Kunden erfolgreich gearbeitet. Auf dieser Seite beschreiben wir ein paar ausgew\u00e4hlte Projekte f\u00fcr Sie.[\/vc_column_text][\/vc_column][\/vc_row][vc_row][vc_column width=&#8220;1\/1&#8243;][vc_text_separator title=&#8220;Steigerung der Effizienz und Effektivit\u00e4t von Prozessen &#8220; title_align=&#8220;separator_align_center&#8220; color=&#8220;grey&#8220;][vc_column_text] Mehr dar\u00fcber, wie wir Ihnen helfen k\u00f6nnen, die Prozesseffizienz und -effektivit\u00e4t in Ihrem Unternehmen zu steigern, lesen Sie hier. [\/vc_column_text][\/vc_column][\/vc_row][vc_row][vc_column width=&#8220;1\/1&#8243;][vc_text_separator title=&#8220;Kundenerlebnis&#8220; title_align=&#8220;separator_align_center&#8220; color=&#8220;grey&#8220;][vc_column_text] Erfahren Sie hier mehr dar\u00fcber, wie wir Ihnen helfen k\u00f6nnen, Ihr Kundenerlebnis drastisch und nachhaltig zu verbessern. [\/vc_column_text][\/vc_column][\/vc_row][vc_row][vc_column width=&#8220;1\/1&#8243;][vc_text_separator title=&#8220;Entwicklung und Umsetzung von Einkaufsstrategien&#8220; title_align=&#8220;separator_align_center&#8220; color=&#8220;grey&#8220; icon_awesome=&#8220;android&#8220; icon_metrize=&#8220;waves&#8220; size=&#8220;20&#8243; icon_color=&#8220;#ff6600&#8243;][vc_column_text] Lesen Sie hier, wie unsere [&hellip;]<\/p>\n","protected":false},"author":1,"featured_media":0,"parent":0,"menu_order":0,"comment_status":"open","ping_status":"open","template":"","meta":[],"_links":{"self":[{"href":"https:\/\/gibbriver.com\/de\/wp-json\/wp\/v2\/pages\/3958"}],"collection":[{"href":"https:\/\/gibbriver.com\/de\/wp-json\/wp\/v2\/pages"}],"about":[{"href":"https:\/\/gibbriver.com\/de\/wp-json\/wp\/v2\/types\/page"}],"author":[{"embeddable":true,"href":"https:\/\/gibbriver.com\/de\/wp-json\/wp\/v2\/users\/1"}],"replies":[{"embeddable":true,"href":"https:\/\/gibbriver.com\/de\/wp-json\/wp\/v2\/comments?post=3958"}],"version-history":[{"count":10,"href":"https:\/\/gibbriver.com\/de\/wp-json\/wp\/v2\/pages\/3958\/revisions"}],"predecessor-version":[{"id":4652,"href":"https:\/\/gibbriver.com\/de\/wp-json\/wp\/v2\/pages\/3958\/revisions\/4652"}],"wp:attachment":[{"href":"https:\/\/gibbriver.com\/de\/wp-json\/wp\/v2\/media?parent=3958"}],"curies":[{"name":"wp","href":"https:\/\/api.w.org\/{rel}","templated":true}]}}