{"id":3962,"date":"2014-06-26T22:03:08","date_gmt":"2014-06-26T22:03:08","guid":{"rendered":"http:\/\/gibbriver.com\/?page_id=3962"},"modified":"2017-09-07T19:04:59","modified_gmt":"2017-09-07T19:04:59","slug":"bewerben","status":"publish","type":"page","link":"https:\/\/gibbriver.com\/de\/bewerben\/","title":{"rendered":"Bewerben"},"content":{"rendered":"<section class=\"wpb-content-wrapper\"><p>[vc_row][vc_column width=&#8220;1\/2&#8243;]<div class=\"landing-title left wpb_content_element\"><h3 class=\"landing-title-tag\" style=\"font-size:22px;\">Bewerben<\/h3>[vc_text_separator style=\"\" color=\"grey\" accent_color=\"#dddddd\" el_width=\"fixed\" el_class=\"\"]<\/div>[vc_column_text]The Gibb River Group ist stets auf der Suche nach Top-Talenten, die wie wir eine Begeisterung f\u00fcr unsere Kunden und deren Erfolg mitbringen.\u00a0 Sie k\u00f6nnen bei uns als Vollzeitberater oder auch in flexibleren Modellen mitarbeiten. Zum Kennenlernen freuen wir uns \u00fcber Ihre Bewerbung als Praktikant. Wir unterhalten uns gerne mit Ihnen \u00fcber die folgenden Positionen:<\/p>\n<ul>\n<li>Analyst<\/li>\n<li>Berater (verschiedene Spezialgebiete)<\/li>\n<li><span style=\"color: #222222;\">Projektleiter<\/span><\/li>\n<li>Mitarbeiter im Techniklabor<\/li>\n<\/ul>\n<p>Bitte schicken Sie Ihr Anschreiben und Ihren Lebenslauf \u00fcber das nebenstehende Kontakformular, um einen Dialog zu beginnen.[\/vc_column_text][\/vc_column][vc_column width=&#8220;1\/2&#8243;][vc_column_text]<\/p>\n<h4 class=\"landing-title-tag\" style=\"font-weight: 800; color: #222222;\">Anschreiben \/ Lebenslauf hochladen<\/h4>\n<div class='gf_browser_gecko gform_wrapper' id='gform_wrapper_2' ><form method='post' enctype='multipart\/form-data'  id='gform_2'  action='\/de\/wp-json\/wp\/v2\/pages\/3962'>\n                        <div class='gform_body'><ul id='gform_fields_2' class='gform_fields top_label form_sublabel_below description_below'><li id='field_2_5' class='gfield field_sublabel_below field_description_below' ><label class='gfield_label' for='input_2_5' ><\/label><div class='ginput_container'>\n                            <input name='input_5' id='input_2_5' type='text' value='' class='medium' tabindex='1'   placeholder='Ihre E-Mailadresse'\/>\n                        <\/div><\/li><li id='field_2_4' class='gfield field_sublabel_below field_description_below' ><label class='gfield_label' for='input_2_4' ><\/label><div class='ginput_container'><input name='input_4' id='input_2_4' type='text' value='' class='medium'  tabindex='2'  placeholder='Ihr Name' \/><\/div><\/li><li id='field_2_3' class='gfield field_sublabel_below field_description_below' ><label class='gfield_label' for='input_2_3' >Datei hochladen<\/label><div class='ginput_container'><input type='hidden' name='MAX_FILE_SIZE' value='67108864' \/><input name='input_3' id='input_2_3' type='file' class='medium' tabindex='3' \/><\/div><\/li><li id='field_2_6' class='gfield gform_validation_container field_sublabel_below field_description_below' ><label class='gfield_label' for='input_2_6' >Comments<\/label><div class='ginput_container'><input name='input_6' id='input_2_6' type='text' value='' \/><\/div><div class='gfield_description'>Dieses Feld dient zur Validierung und sollte nicht ver\u00e4ndert werden.<\/div><\/li>\n                            <\/ul><\/div>\n        <div class='gform_footer top_label'> <input type='submit' id='gform_submit_button_2' class='gform_button button' value='Submit' tabindex='4' onclick='if(window[\"gf_submitting_2\"]){return false;}  window[\"gf_submitting_2\"]=true;  ' \/> \n            <input type='hidden' class='gform_hidden' name='is_submit_2' value='1' \/>\n            <input type='hidden' class='gform_hidden' name='gform_submit' value='2' \/>\n            \n            <input type='hidden' class='gform_hidden' name='gform_unique_id' value='' \/>\n            <input type='hidden' class='gform_hidden' name='state_2' value='WyJbXSIsIjdhMjc1NjM4NzY3MzQ1MTc4YjAzMTU4NGU3YjJiOGQ0Il0=' \/>\n            <input type='hidden' class='gform_hidden' name='gform_target_page_number_2' id='gform_target_page_number_2' value='0' \/>\n            <input type='hidden' class='gform_hidden' name='gform_source_page_number_2' id='gform_source_page_number_2' value='1' \/>\n            <input type='hidden' name='gform_field_values' value='' \/>\n            \n        <\/div>\n                        <\/form>\n                        <\/div><script type='text\/javascript'> if(typeof gf_global == 'undefined') var gf_global = {\"gf_currency_config\":{\"name\":\"U.S. Dollar\",\"symbol_left\":\"$\",\"symbol_right\":\"\",\"symbol_padding\":\"\",\"thousand_separator\":\",\",\"decimal_separator\":\".\",\"decimals\":2},\"base_url\":\"https:\\\/\\\/gibbriver.com\\\/wp-content\\\/plugins\\\/gravityforms\",\"number_formats\":[],\"spinnerUrl\":\"https:\\\/\\\/gibbriver.com\\\/wp-content\\\/plugins\\\/gravityforms\\\/images\\\/spinner.gif\"};jQuery(document).bind('gform_post_render', function(event, formId, currentPage){if(formId == 2) {if(typeof Placeholders != 'undefined'){\n                        Placeholders.enable();\n                    }} } );jQuery(document).bind('gform_post_conditional_logic', function(event, formId, fields, isInit){} );<\/script><script type='text\/javascript'> jQuery(document).ready(function(){jQuery(document).trigger('gform_post_render', [2, 1]) } ); <\/script>[\/vc_column_text][\/vc_column][\/vc_row][vc_row][vc_column][vc_column_text][\/vc_column_text][\/vc_column][\/vc_row]<\/p>\n<\/section>","protected":false},"excerpt":{"rendered":"<p>[vc_row][vc_column width=&#8220;1\/2&#8243;][vc_column_text]The Gibb River Group ist stets auf der Suche nach Top-Talenten, die wie wir eine Begeisterung f\u00fcr unsere Kunden und deren Erfolg mitbringen.\u00a0 Sie k\u00f6nnen bei uns als Vollzeitberater oder auch in flexibleren Modellen mitarbeiten. Zum Kennenlernen freuen wir uns \u00fcber Ihre Bewerbung als Praktikant. Wir unterhalten uns gerne mit Ihnen \u00fcber die folgenden Positionen: Analyst Berater (verschiedene Spezialgebiete) Projektleiter Mitarbeiter im Techniklabor Bitte schicken Sie Ihr Anschreiben und Ihren Lebenslauf \u00fcber das nebenstehende Kontakformular, um einen Dialog zu beginnen.[\/vc_column_text][\/vc_column][vc_column width=&#8220;1\/2&#8243;][vc_column_text] Anschreiben \/ Lebenslauf hochladen [\/vc_column_text][\/vc_column][\/vc_row][vc_row][vc_column][vc_column_text][\/vc_column_text][\/vc_column][\/vc_row]<\/p>\n","protected":false},"author":1,"featured_media":0,"parent":0,"menu_order":0,"comment_status":"open","ping_status":"open","template":"","meta":[],"_links":{"self":[{"href":"https:\/\/gibbriver.com\/de\/wp-json\/wp\/v2\/pages\/3962"}],"collection":[{"href":"https:\/\/gibbriver.com\/de\/wp-json\/wp\/v2\/pages"}],"about":[{"href":"https:\/\/gibbriver.com\/de\/wp-json\/wp\/v2\/types\/page"}],"author":[{"embeddable":true,"href":"https:\/\/gibbriver.com\/de\/wp-json\/wp\/v2\/users\/1"}],"replies":[{"embeddable":true,"href":"https:\/\/gibbriver.com\/de\/wp-json\/wp\/v2\/comments?post=3962"}],"version-history":[{"count":8,"href":"https:\/\/gibbriver.com\/de\/wp-json\/wp\/v2\/pages\/3962\/revisions"}],"predecessor-version":[{"id":4562,"href":"https:\/\/gibbriver.com\/de\/wp-json\/wp\/v2\/pages\/3962\/revisions\/4562"}],"wp:attachment":[{"href":"https:\/\/gibbriver.com\/de\/wp-json\/wp\/v2\/media?parent=3962"}],"curies":[{"name":"wp","href":"https:\/\/api.w.org\/{rel}","templated":true}]}}