{"id":4601,"date":"2018-06-21T18:00:31","date_gmt":"2018-06-21T18:00:31","guid":{"rendered":"https:\/\/gibbriver.com\/customer-experience-frontline-coaching-2\/"},"modified":"2018-06-25T21:55:21","modified_gmt":"2018-06-25T21:55:21","slug":"kundenerlebnis","status":"publish","type":"page","link":"https:\/\/gibbriver.com\/de\/kundenerlebnis\/","title":{"rendered":"Kundenerlebnis"},"content":{"rendered":"<section class=\"wpb-content-wrapper\"><p>[vc_row][vc_column width=&#8220;2\/3&#8243;]<div class=\"landing-title left wpb_content_element\"><h3 class=\"landing-title-tag\" style=\"font-size:22;\">Kundenerlebnis<\/h3>[vc_text_separator style=\"\" color=\"grey\" accent_color=\"\" el_width=\"fixed\" el_class=\"\"]<\/div>[vc_column_text]Wir unterst\u00fctzen unsere Kunden dabei, das Kundenerlebnis drastisch zu verbessern \u2013 von der Konzeptentwicklung bis zur Implementierung vor Ort:<\/p>\n<p><strong>Strategie:<\/strong><\/p>\n<p style=\"padding-left: 30px;\">Gemeinsam mit unseren Kunden entwickeln wir Kernpunkte des Kundenerlebnisses, denen tats\u00e4chliche Kundenw\u00fcnsche und -bed\u00fcrfnisse zu Grunde liegen.<\/p>\n<p><strong>Implementierung:<\/strong><\/p>\n<p style=\"padding-left: 30px;\">Auf der Strategie aufbauend unterst\u00fctzen wir unsere Kunden dabei, das Kundenerlebniskonzept vor Ort umzusetzen. Dabei legen wir viel Wert auf das proaktive t\u00e4gliche Management kundenorientierter Kennzahlen, kontinuierliche Verbesserung und das Erreichen einer kundenfreundlichen und am Kunden orientierten Kultur im gesamten Unternehmen \u2013 vom Topmanagement bis hin zu jedem einzelnen Mitarbeiter.<\/p>\n<p>Ein ganz wesentlicher Teil der erfolgreichen und dauerhaften Schaffung einer kundenorientierten Unternehmenskultur ist die praktische Umsetzung vor Ort mit intensivem Coaching der Mitarbeiter, die t\u00e4glichen Kundenkontakt haben. Die Teams der Gibb River Group begleiten unsere Kunden auf dieser Reise.[\/vc_column_text][\/vc_column][vc_column width=&#8220;1\/3&#8243;][layerslider_vc id=&#8220;29&#8243;][\/vc_column][\/vc_row][vc_row][vc_column]<div class=\"space\" style=\"height:50px;\"><\/div>[\/vc_column][\/vc_row][vc_row][vc_column width=&#8220;1\/1&#8243;][vc_text_separator title=&#8220;Ausgew\u00e4hlte Projektbeschreibungen&#8220; title_align=&#8220;separator_align_center&#8220; color=&#8220;grey&#8220;]<div class=\"testimonial2 wpb_content_element\"><img width=\"80\" height=\"80\" src=\"https:\/\/gibbriver.com\/wp-content\/uploads\/2018\/06\/car-rental.jpg\" class=\"attachment-facebook\" alt=\"\" decoding=\"async\" loading=\"lazy\" title=\"car-rental\" srcset=\"https:\/\/gibbriver.com\/wp-content\/uploads\/2018\/06\/car-rental.jpg 80w, https:\/\/gibbriver.com\/wp-content\/uploads\/2018\/06\/car-rental-60x60.jpg 60w, https:\/\/gibbriver.com\/wp-content\/uploads\/2018\/06\/car-rental-75x75.jpg 75w, https:\/\/gibbriver.com\/wp-content\/uploads\/2018\/06\/car-rental-40x40.jpg 40w\" sizes=\"(max-width: 80px) 100vw, 80px\" \/><div class=\"testimonial-content\"><p>Zusammen mit unserem Kunden entwickelten wir ein grundlegend neues Kundenerlebniskonzept f\u00fcr die Mietwagenbranche und setzten dieses ganzheitlich um: von der Definition aller operativen Abl\u00e4ufe \u00fcber \u00c4nderungen am IT-System bis hin zum Mitarbeitertraining und -coaching f\u00fcr das neue Konzept.<\/p><\/div><p class=\"testimonial-desc\"><span class=\"testimonial-details\"><span class=\"testimonial-name\"><\/span><span class=\"testimonial-company\"><\/span><\/span><\/p><\/div><div class=\"testimonial2 wpb_content_element\"><img width=\"80\" height=\"80\" src=\"https:\/\/gibbriver.com\/wp-content\/uploads\/2018\/06\/desk.jpg\" class=\"attachment-facebook\" alt=\"\" decoding=\"async\" loading=\"lazy\" title=\"desk\" srcset=\"https:\/\/gibbriver.com\/wp-content\/uploads\/2018\/06\/desk.jpg 80w, https:\/\/gibbriver.com\/wp-content\/uploads\/2018\/06\/desk-60x60.jpg 60w, https:\/\/gibbriver.com\/wp-content\/uploads\/2018\/06\/desk-75x75.jpg 75w, https:\/\/gibbriver.com\/wp-content\/uploads\/2018\/06\/desk-40x40.jpg 40w\" sizes=\"(max-width: 80px) 100vw, 80px\" \/><div class=\"testimonial-content\"><p>Wir \u00fcberholten das Kundenerlebnis einer f\u00fchrenden Mietwagenfirma von Grund auf, was zu einer massiven Steigerung des Net Promoter Score (NPS) f\u00fchrte. Dabei erreichten wir langfristig tragf\u00e4hige Verbesserungen der Kundenzufriedenheit durch ein Betriebsf\u00fchrungssystem (Daily Management System), das sich an kundenorientierten Kennzahlen orientiert, sowie durch intensives Coaching des Managements und der Mitarbeiter mit Kundenkontakt.<\/p><\/div><p class=\"testimonial-desc\"><span class=\"testimonial-details\"><span class=\"testimonial-name\"><\/span><span class=\"testimonial-company\"><\/span><\/span><\/p><\/div>[\/vc_column][\/vc_row]<\/p>\n<\/section>","protected":false},"excerpt":{"rendered":"<p>[vc_row][vc_column width=&#8220;2\/3&#8243;][vc_column_text]Wir unterst\u00fctzen unsere Kunden dabei, das Kundenerlebnis drastisch zu verbessern \u2013 von der Konzeptentwicklung bis zur Implementierung vor Ort: Strategie: Gemeinsam mit unseren Kunden entwickeln wir Kernpunkte des Kundenerlebnisses, denen tats\u00e4chliche Kundenw\u00fcnsche und -bed\u00fcrfnisse zu Grunde liegen. Implementierung: Auf der Strategie aufbauend unterst\u00fctzen wir unsere Kunden dabei, das Kundenerlebniskonzept vor Ort umzusetzen. Dabei legen wir viel Wert auf das proaktive t\u00e4gliche Management kundenorientierter Kennzahlen, kontinuierliche Verbesserung und das Erreichen einer kundenfreundlichen und am Kunden orientierten Kultur im gesamten Unternehmen \u2013 vom Topmanagement bis hin zu jedem einzelnen Mitarbeiter. Ein ganz wesentlicher Teil der erfolgreichen und dauerhaften Schaffung einer kundenorientierten [&hellip;]<\/p>\n","protected":false},"author":1,"featured_media":0,"parent":0,"menu_order":0,"comment_status":"open","ping_status":"closed","template":"","meta":[],"_links":{"self":[{"href":"https:\/\/gibbriver.com\/de\/wp-json\/wp\/v2\/pages\/4601"}],"collection":[{"href":"https:\/\/gibbriver.com\/de\/wp-json\/wp\/v2\/pages"}],"about":[{"href":"https:\/\/gibbriver.com\/de\/wp-json\/wp\/v2\/types\/page"}],"author":[{"embeddable":true,"href":"https:\/\/gibbriver.com\/de\/wp-json\/wp\/v2\/users\/1"}],"replies":[{"embeddable":true,"href":"https:\/\/gibbriver.com\/de\/wp-json\/wp\/v2\/comments?post=4601"}],"version-history":[{"count":6,"href":"https:\/\/gibbriver.com\/de\/wp-json\/wp\/v2\/pages\/4601\/revisions"}],"predecessor-version":[{"id":4651,"href":"https:\/\/gibbriver.com\/de\/wp-json\/wp\/v2\/pages\/4601\/revisions\/4651"}],"wp:attachment":[{"href":"https:\/\/gibbriver.com\/de\/wp-json\/wp\/v2\/media?parent=4601"}],"curies":[{"name":"wp","href":"https:\/\/api.w.org\/{rel}","templated":true}]}}